{"id":934,"date":"2021-07-30T11:55:17","date_gmt":"2021-07-30T11:55:17","guid":{"rendered":"https:\/\/lmf.lielaisdzintars.lv\/?page_id=934"},"modified":"2021-08-03T06:22:17","modified_gmt":"2021-08-03T06:22:17","slug":"lmf-klavieres-dejo-debisi-voetvolk-lizbeta-gruveza-klera-sevalje","status":"publish","type":"page","link":"https:\/\/lmf.lielaisdzintars.lv\/index.php\/lmf-klavieres-dejo-debisi-voetvolk-lizbeta-gruveza-klera-sevalje\/","title":{"rendered":"LMF. KLAVIERES DEJO DEBIS\u012a. VOETVOLK. LIZBETA GRUVEZA &#038; KL\u0112RA \u0160EVALJ\u0112"},"content":{"rendered":"\n<div style=\"height:62px\" aria-hidden=\"true\" class=\"wp-block-spacer\"><\/div>\n\n\n\n<p><strong>\u201cKlavieres dejo Debis\u012b\u201d ir fizisks dialogs starp dejot\u0101ju Lizbetu Gruvezu<em>&nbsp;(Lisbeth Gruwez)&nbsp;<\/em>un pianisti Kl\u0113ru \u0160evalj\u0113<em>&nbsp;(Claire Chevallier).<\/em>&nbsp;Jaunaj\u0101 uzvedum\u0101 m\u0101kslinieces kop\u0101, vijoties starp noteikumiem un lom\u0101m, mekl\u0113 telpu starp not\u012bm fran\u010du komponista Kloda Debis\u012b&nbsp;<em>(Claude Debussy)<\/em>&nbsp;ska\u0146darbos.<\/strong><\/p>\n\n\n\n<figure class=\"wp-block-image size-large\"><img loading=\"lazy\" decoding=\"async\" width=\"1024\" height=\"576\" src=\"https:\/\/lmf.lielaisdzintars.lv\/wp-content\/uploads\/2021\/08\/LMF21_HDTV_1920x1080pix-3-1024x576.jpg\" alt=\"\" class=\"wp-image-1077\" srcset=\"https:\/\/lmf.lielaisdzintars.lv\/wp-content\/uploads\/2021\/08\/LMF21_HDTV_1920x1080pix-3-1024x576.jpg 1024w, https:\/\/lmf.lielaisdzintars.lv\/wp-content\/uploads\/2021\/08\/LMF21_HDTV_1920x1080pix-3-300x169.jpg 300w, https:\/\/lmf.lielaisdzintars.lv\/wp-content\/uploads\/2021\/08\/LMF21_HDTV_1920x1080pix-3-768x432.jpg 768w, https:\/\/lmf.lielaisdzintars.lv\/wp-content\/uploads\/2021\/08\/LMF21_HDTV_1920x1080pix-3-1536x864.jpg 1536w, https:\/\/lmf.lielaisdzintars.lv\/wp-content\/uploads\/2021\/08\/LMF21_HDTV_1920x1080pix-3.jpg 1920w\" sizes=\"auto, (max-width: 1024px) 100vw, 1024px\" \/><\/figure>\n\n\n\n<p><br>Laikmet\u012bg\u0101s dejas izr\u0101de \u201cKlavieres dejo Debis\u012b\u201d tapusi un veidota k\u0101 \u012bpa\u0161a \u201cLiep\u0101jas M\u0101kslas foruma\u201d sadarb\u012bb\u0101 ar Avi\u0146onas te\u0101tra festiv\u0101lu, Klaras festiv\u0101lu, \u017den\u0113vas Laikmet\u012bg\u0101s dejas asoci\u0101ciju, Karalisko Fl\u0101mu te\u0101tri, Freiburgas te\u0101tri u.c. noz\u012bm\u012bg\u0101m Eiropas kult\u016bras organiz\u0101cij\u0101m.<br><\/p>\n\n\n\n<p>Atbilsto\u0161i Debis\u012b mekl\u0113jumiem p\u0113c \u201cnemateri\u0101l\u0101s m\u016bzikas\u201d (\u201cla musique immat\u00e9rielle\u201d), dueta kust\u012bbas ir dr\u012bz\u0101k ierosin\u0101jumi k\u0101 izteiksmes l\u012bdzek\u013ci. Gruveza un \u0160evalj\u0113 neizsaka nelok\u0101mu paties\u012bbu. Vi\u0146as rosina izt\u0113li un fant\u0101ziju.<br><\/p>\n\n\n\n<p>Lizbeta Gruveza: \u201c\u201cKlavieres dejo Debis\u012b\u201d ir akvarelis. Iedom\u0101jieties par to kr\u0101su gais\u012bgumu, kas sapl\u016bst viena otr\u0101, uz laiku iz\u017e\u016bst, tad atkal tiek saslapin\u0101tas, lai rad\u012btu jaunus savienojumus. Debis\u012b m\u016bzika ap\u016bde\u0146o deju un nep\u0101rtraukti satricina materi\u0101lo\u201d.<br><\/p>\n\n\n\n<p>Pirmo reizi sav\u0101 karjer\u0101 Gruveza str\u0101d\u0101 ar klasisko m\u016bziku. P\u0113c klasisk\u0101 baleta studij\u0101m vi\u0146a atrada br\u012bv\u012bbu laikmet\u012bgaj\u0101 dej\u0101, pamaz\u0101m att\u012bstot kust\u012bbu valodu, kas m\u0101ksliniecei rakstur\u012bga ar\u012b \u0161odien. \u201cKlavieres dejo Debis\u012b\u201d ir unik\u0101ls dialogs starp klasisko un laikmet\u012bgo deju, kas zin\u0101m\u0101 veid\u0101 atkl\u0101j Gruvezas horeogr\u0101fijas trajektoriju. 2018. gad\u0101 dejot\u0101ja un horeogr\u0101fe Lizbeta Gruveza \u201cLiep\u0101jas M\u0101kslas forum\u0101\u201d viesoj\u0101s ar dejas izr\u0101di \u201cLizbeta Gruveza izdejo Bobu Dilanu\u201d, g\u016bstot publikas atsauc\u012bbu un nov\u0113rt\u0113jumu.<\/p>\n\n\n\n<div class=\"wp-block-columns is-layout-flex wp-container-core-columns-is-layout-9d6595d7 wp-block-columns-is-layout-flex\">\n<div class=\"wp-block-column is-layout-flow wp-block-column-is-layout-flow\" style=\"flex-basis:100%\">\n<div class=\"wp-block-group\"><div class=\"wp-block-group__inner-container is-layout-flow wp-block-group-is-layout-flow\">\n<div class=\"wp-block-columns is-layout-flex wp-container-core-columns-is-layout-9d6595d7 wp-block-columns-is-layout-flex\">\n<div class=\"wp-block-column is-layout-flow wp-block-column-is-layout-flow\" style=\"flex-basis:100%\">\n<figure class=\"wp-block-embed is-type-video is-provider-youtube wp-block-embed-youtube wp-embed-aspect-16-9 wp-has-aspect-ratio\"><div class=\"wp-block-embed__wrapper\">\n<iframe loading=\"lazy\" title=\"Piano Works Debussy - trailer 2 - Voetvolk \/ Lisbeth Gruwez &amp; Claire Chevallier\" width=\"1060\" height=\"596\" src=\"https:\/\/www.youtube.com\/embed\/zZ6qkj_aJdc?feature=oembed\" frameborder=\"0\" allow=\"accelerometer; autoplay; clipboard-write; encrypted-media; gyroscope; picture-in-picture\" allowfullscreen><\/iframe>\n<\/div><\/figure>\n<\/div>\n<\/div>\n<\/div><\/div>\n<\/div>\n<\/div>\n\n\n\n<p><strong>Par m\u0101ksliniec\u0113m:Lizbeta Gruveza<\/strong>&nbsp;(1977). Se\u0161u gadu vecum\u0101 Lizbeta Gruveza s\u0101ka dejot klasisko baletu un profesion\u0101las dejot\u0101jas izgl\u012bt\u012bbu turpin\u0101ja, stud\u0113jot Stedelijas Baleta instit\u016bt\u0101 (Stedelijk Instituut voor Ballet) un P.A.R.T.S. Be\u013c\u0123ij\u0101. Profesion\u0101lo karjeru vi\u0146a uzs\u0101ka it\u0101\u013cu kinore\u017eisora Pazol\u012bni projekt\u0101 \u201cThe Day of Heaven and Hell\u201d k\u0101 laikmet\u012bg\u0101s dejas apvien\u012bbas \u201cUltima Vez\u201d dejot\u0101ja. 1999. gad\u0101 dejot\u0101ja s\u0101ka str\u0101d\u0101t slaven\u0101, provokat\u012bv\u0101 be\u013c\u0123u multim\u0101kslinieka Jana Fabra (Jan Fabre) deju \u201claboratorij\u0101\u201d, piedaloties t\u0101d\u0101s izr\u0101d\u0113s k\u0101 \u201cAs long as the world needs a warrior\u2019s soul\u201d, \u201cJe suis sang\u201d un skandalozaj\u0101 \u201cQuando l\u2019uomo principale \u00e8 una donna\u201d, kur vi\u0146as kailais dejot\u0101jas \u0137ermenis aizvien p\u0101rsteidzot skat\u012bt\u0101ju ar neiedom\u0101jamuvirtuozit\u0101ti. Esot viena no Fabra \u201cskaistuma kareiv\u0113m\u201d (guerriers de la beaut\u00e9), vi\u0146a piedal\u012bj\u0101s re\u017eisora Pj\u0113ra Kulibefa (Pierre Coulibeuf) film\u0101. T\u0101pat Gruveza sp\u0113l\u0113jusi galveno lomu Karol\u012bnas Strubes (Caroline Strubbe) film\u0101 \u201cLost Persons Area\u201d.<br><\/p>\n\n\n\n<p>Kop\u0101 ar m\u016bzi\u0137i un komponistu M\u0101rtenu van Kauvenbergu Lizbeta Gruveza 2007. gad\u0101 Be\u013c\u0123ij\u0101 izveidoja laikmet\u012bg\u0101s dejas un izr\u0101des grupu \u201cVoetvolk\u201d, kura uzst\u0101jusies Avi\u0146onas festiv\u0101l\u0101, Gugenheima laikmet\u012bg\u0101s m\u0101kslas muzej\u0101 Bilbao, Ven\u0113cijas bienn\u0101l\u0113 un cit\u0101s pasaules m\u0113roga kult\u016brtelp\u0101s. Paral\u0113li darbam \u201cVoetvolk\u201d vi\u0146a regul\u0101ri vada meistarklases un cita veida m\u0101ksliniecisk\u0101s nodarb\u012bbas. Gruveza ir ar Briseles Karalisko fl\u0101mu te\u0101tri asoci\u0113t\u0101s m\u0101kslinieku un dom\u0101t\u0101ju apvien\u012bbas \u201cKVS faces\u201d biedrs.<strong><br><\/strong><\/p>\n\n\n\n<p><strong>Kl\u0113ra \u0160evalj\u0113<\/strong>&nbsp;(1969) ir fran\u010du izcelsmes pianiste, kas augstu nov\u0113rt\u0113ta k\u0101 par saviem solokoncertiem, t\u0101 kamerkoncertiem un koncertiem kop\u0101 ar or\u0137estri. Pasaules slavu vi\u0146a iemantojusi gan ar sav\u0101m uzst\u0101\u0161an\u0101m, gan ierakstiem. \u0160evalj\u0113 ir specializ\u0113jusies v\u0113sturiski inform\u0113t\u0101 klaviersp\u0113l\u0113: vi\u0146a no jauna aktualiz\u0113 m\u016bziku uz seniem instrumentiem. Pianistei ir ar\u012b sava v\u0113sturisko klavieru kolekcija, kas sast\u0101v no se\u0161iem fl\u012b\u0123e\u013ciem, kas darin\u0101ti laika period\u0101 no 1840. l\u012bdz 1920. gadam.Kl\u0113ra pasniedz Briseles Karaliskaj\u0101 konservatorij\u0101 un, cita starp\u0101, ietilpa \u017e\u016brijas sast\u0101v\u0101 t\u0101dos ekskluz\u012bvos konkursos k\u0101 Ferenca Lista klavierkonkurs\u0101 (Liszt Concours) \u016atreht\u0101 un Starptautiskaj\u0101 \u0160op\u0113na konkurs\u0101 Var\u0161av\u0101. Vi\u0146a ir fran\u010du komponistu R\u0101vela, Debis\u012b, Sat\u012b, Pulenka ska\u0146darbu eksperte. Vi\u0146as R\u0101vela koncerta ieraksts kreisajai rokai (kop\u0101 ar \u201cAnima Eterna\u201d) joproj\u0101m ir orientieris klasisk\u0101s m\u016bzikas pasaul\u0113.<strong><br>Izr\u0101des komanda:<\/strong>Horeogr\u0101fija: Lizbeta Gruveza&nbsp;<em>(Lisbeth Gruwez)<\/em>M\u016bzika: Klods Debis\u012b<em>&nbsp;(Claude Debussy)<\/em>Izr\u0101de: Lizbeta Gruveza un Kl\u0113ra \u0160evalj\u0113<em>&nbsp;(Claire Chevallier)<\/em>M\u0101kslinieciskais asistents: M\u0101rtens van Kauvenbergs&nbsp;<em>(Maarten Van Cauwenberghe)<\/em>Dramatur\u0123ija: Barts M\u0113lemans&nbsp;<em>(Bart Meuleman)<\/em>Gaismas: Stefs Alleveirelts (Stef Alleweireldt) &amp; \u017dils Rosens&nbsp;<em>(Gilles Roosen)<\/em>Scenogr\u0101fija: Mar\u012b \u0160ersnovi\u010da&nbsp;<em>(Marie Szersnovicz)<\/em>Ska\u0146a: Alb\u0101ns Moro (Alban Moraud) &amp; M\u0101rtens van Kauvenbergs&nbsp;<em>(Maarten Van Cauwenberghe)<\/em>Tehniskais direktors: \u017dils Rosens&nbsp;<em>(Gilles Roosen)<\/em>Producente: Anita B\u016blsa&nbsp;<em>(Anita Boels)<\/em>Komunik\u0101cijas: Sems Ekers&nbsp;<em>(Sam Ecker)<\/em>Producents: Be\u013c\u0123ijas laikmet\u012bg\u0101s dejas apvien\u012bba \u201cVoetvolk\u201d<\/p>\n\n\n\n<p><\/p>\n\n\n\n<figure class=\"wp-block-table aligncenter is-style-stripes\"><table><tbody><tr><td class=\"has-text-align-left\" data-align=\"left\"> <strong>Norises vieta:<\/strong>                        <\/td><td class=\"has-text-align-left\" data-align=\"left\">Liel\u0101 z\u0101le, koncertz\u0101le \u201cLielais dzintars\u201d <\/td><\/tr><tr><td class=\"has-text-align-left\" data-align=\"left\"><strong>Norises ilgums<\/strong>:  <\/td><td class=\"has-text-align-left\" data-align=\"left\">aptuveni 1 stunda <\/td><\/tr><tr><td class=\"has-text-align-left\" data-align=\"left\"><strong>Bi\u013cetes:<\/strong> <\/td><td class=\"has-text-align-left\" data-align=\"left\">s\u0101kot no 20,00 eiro.&nbsp;<em>Pas\u0101kumam tuvojoties, bi\u013ce\u0161u cena var tikt main\u012bta.Pas\u0101kums paredz\u0113ts pieaugu\u0161o auditorijai. Uz pas\u0101kumiem, kas paredz\u0113ti pieaugu\u0161o auditorijai, b\u0113rni l\u012bdz 5 gadu vecumam var netikt ielaisti.<\/em> <\/td><\/tr><tr><td class=\"has-text-align-left\" data-align=\"left\"> <strong>Organiz\u0113:<\/strong> <\/td><td class=\"has-text-align-left\" data-align=\"left\">Lielais dzintars <\/td><\/tr><tr><td class=\"has-text-align-left\" data-align=\"left\"> <strong>Atbalsta:<\/strong> <\/td><td class=\"has-text-align-left\" data-align=\"left\"> Liep\u0101jas pa\u0161vald\u012bba, Valsts kult\u016brkapit\u0101la fonds, NONA un Be\u013c\u0123ijas valsts atbalsta programma m\u0101kslai (the Belgian Tax Shelter) <\/td><\/tr><tr><td class=\"has-text-align-left\" data-align=\"left\"><\/td><td class=\"has-text-align-left\" data-align=\"left\"><\/td><\/tr><\/tbody><\/table><\/figure>\n\n\n\n<p><br><strong>INFORM\u0100CIJA APMEKL\u0112T\u0100JIEM:<\/strong> Apmekl\u0113jot pas\u0101kumu, pie ieejas l\u016bgsim uzr\u0101d\u012bt covid-19 sertifik\u0101tu, kas apstiprina personas vakcin\u0101ciju pret covid-19 vai min\u0113t\u0101s infekcijas p\u0101rslimo\u0161anu. T\u0101pat l\u016bgsim uzr\u0101d\u012bt ar\u012b personu apliecino\u0161u dokumentu un pas\u0101kuma ieejas bi\u013ceti. Pas\u0101kuma laik\u0101 sejas aizsargmaskas nav j\u0101lieto.<br><em><br><strong>Atlaides:<\/strong><\/em><br><em>Skol\u0113niem, studentiem, pasniedz\u0113jiem, pension\u0101riem \u2013 25%<\/em><br><em>Person\u0101m ar I un II grupas invalidit\u0101ti, k\u0101 ar\u012b vi\u0146u pavado\u0146iem \u2013 50%<\/em><br><em>\u0122imenes bi\u013cetes 1 vai 2 pieaugu\u0161ie + 2 b\u0113rni (vai vair\u0101k) \u2013 25% (pieejama tikai kas\u0113s). <\/em><br><em>Apmekl\u0113jot koncertu, apmekl\u0113t\u0101jam ir j\u0101uzr\u0101da atlaidi apliecino\u0161s dokuments.<\/em><br><br><em><strong>Grupu bi\u013cetes: <\/strong><\/em><br><em>10-30 personas \u2013 20%<\/em><br><em>30 un vair\u0101k personas -25%<\/em><\/p>\n\n\n\n<div class=\"wp-block-buttons is-layout-flex wp-block-buttons-is-layout-flex\">\n<div class=\"wp-block-button is-style-fill\"><a class=\"wp-block-button__link has-background\" href=\"https:\/\/www.bilesuparadize.lv\/lv\/event\/100560\" style=\"background-color:#c56076\" target=\"_blank\" rel=\"noreferrer noopener\">PIRKT BI\u013bETI<\/a><\/div>\n<\/div>\n","protected":false},"excerpt":{"rendered":"<p>\u201cKlavieres dejo Debis\u012b\u201d ir fizisks dialogs starp dejot\u0101ju Lizbetu Gruvezu&nbsp;(Lisbeth Gruwez)&nbsp;un pianisti Kl\u0113ru \u0160evalj\u0113&nbsp;(Claire Chevallier).&nbsp;Jaunaj\u0101 uzvedum\u0101 m\u0101kslinieces kop\u0101, vijoties starp noteikumiem un lom\u0101m, mekl\u0113 telpu starp not\u012bm fran\u010du komponista Kloda Debis\u012b&nbsp;(Claude Debussy)&nbsp;ska\u0146darbos. Laikmet\u012bg\u0101s dejas izr\u0101de \u201cKlavieres dejo Debis\u012b\u201d tapusi un veidota k\u0101 \u012bpa\u0161a \u201cLiep\u0101jas M\u0101kslas&#8230;<\/p>\n","protected":false},"author":1,"featured_media":0,"parent":0,"menu_order":0,"comment_status":"closed","ping_status":"closed","template":"","meta":{"footnotes":""},"class_list":["post-934","page","type-page","status-publish","hentry"],"_links":{"self":[{"href":"https:\/\/lmf.lielaisdzintars.lv\/index.php\/wp-json\/wp\/v2\/pages\/934","targetHints":{"allow":["GET"]}}],"collection":[{"href":"https:\/\/lmf.lielaisdzintars.lv\/index.php\/wp-json\/wp\/v2\/pages"}],"about":[{"href":"https:\/\/lmf.lielaisdzintars.lv\/index.php\/wp-json\/wp\/v2\/types\/page"}],"author":[{"embeddable":true,"href":"https:\/\/lmf.lielaisdzintars.lv\/index.php\/wp-json\/wp\/v2\/users\/1"}],"replies":[{"embeddable":true,"href":"https:\/\/lmf.lielaisdzintars.lv\/index.php\/wp-json\/wp\/v2\/comments?post=934"}],"version-history":[{"count":8,"href":"https:\/\/lmf.lielaisdzintars.lv\/index.php\/wp-json\/wp\/v2\/pages\/934\/revisions"}],"predecessor-version":[{"id":1103,"href":"https:\/\/lmf.lielaisdzintars.lv\/index.php\/wp-json\/wp\/v2\/pages\/934\/revisions\/1103"}],"wp:attachment":[{"href":"https:\/\/lmf.lielaisdzintars.lv\/index.php\/wp-json\/wp\/v2\/media?parent=934"}],"curies":[{"name":"wp","href":"https:\/\/api.w.org\/{rel}","templated":true}]}}