{"id":217,"date":"2020-07-30T13:00:54","date_gmt":"2020-07-30T13:00:54","guid":{"rendered":"https:\/\/lmf.lielaisdzintars.lv\/?page_id=217"},"modified":"2020-09-25T08:38:00","modified_gmt":"2020-09-25T08:38:00","slug":"palestinas-filmu-vakars","status":"publish","type":"page","link":"https:\/\/lmf.lielaisdzintars.lv\/index.php\/palestinas-filmu-vakars\/","title":{"rendered":"Palest\u012bnas filmu vakars"},"content":{"rendered":"\n<p><strong>26.09.<\/strong> <strong>SESTDIENA 20.00 un 22.00 | <\/strong> Kult\u016bras nams \u201cWiktorija\u201d, Graudu iela 34, Liep\u0101ja<\/p>\n\n\n\n<p>Liep\u0101jas M\u0101kslas forums sadarb\u012bb\u0101 ar HIFF jeb \u201cHaifas Neatkar\u012bgo filmu festiv\u0101lu\u201d (<em>Haifa Independent Film Festival<\/em>) no Palest\u012bnas apmekl\u0113t\u0101jus aicina atkl\u0101t Palest\u012bnas kino m\u0101kslas ainu.&nbsp;<\/p>\n\n\n\n<p>\u0160aj\u0101 \u012bpa\u0161aj\u0101 kino vakar\u0101, kas notiks daudzu liep\u0101jnieku iecien\u012btaj\u0101 tik\u0161an\u0101s viet\u0101 &#8211; kult\u016bras nam\u0101 \u201cWiktorija\u201d, b\u016bs iesp\u0113ja redz\u0113t \u010detras \u017eanriski da\u017e\u0101das Palest\u012bnas neatkar\u012bgo filmu re\u017eisoru rad\u012btas filmas un \u012bsfilmas, kas skat\u012bt\u0101jus iepaz\u012bstin\u0101s ar \u010detriem da\u017e\u0101diem skatpunktiem gan uz Palest\u012bnas m\u0101kslas ainu, gan politiskajiem procesiem un v\u0113sturiskajiem kontekstiem.\u00a0<\/p>\n\n\n\n<p>Pirms seansa notiks HIFF festiv\u0101la direktora un filmu re\u017eisora Rod\u017eeha Halifa (<em>Rojeh Khalif<\/em>) uzruna.<\/p>\n\n\n\n<p>Filmas tiks demonstr\u0113tas ori\u0123in\u0101lvalod\u0101 ar subtitriem latvie\u0161u valod\u0101.<\/p>\n\n\n\n<h3 class=\"wp-block-heading\"><strong>Seanss pl. 20.00<\/strong> (kop\u0113jais norises ilgums l\u012bdz 1 stundai): <\/h3>\n\n\n\n<div class=\"wp-block-buttons is-layout-flex wp-block-buttons-is-layout-flex\">\n<div class=\"wp-block-button\"><a class=\"wp-block-button__link has-background\" href=\"https:\/\/www.bilesuparadize.lv\/lv\/event\/82523\" style=\"background-color:#e6453e\" target=\"_blank\" rel=\"noreferrer noopener\">Pirkt bi\u013ceti<\/a><\/div>\n<\/div>\n\n\n\n<div style=\"height:100px\" aria-hidden=\"true\" class=\"wp-block-spacer\"><\/div>\n\n\n\n<div class=\"wp-block-media-text alignwide has-media-on-the-right is-stacked-on-mobile is-vertically-aligned-top\" style=\"grid-template-columns:auto 29%\"><figure class=\"wp-block-media-text__media\"><a href=\"https:\/\/lmf.lielaisdzintars.lv\/wp-content\/uploads\/2020\/07\/EEHWZXcUEAMhVdf.jpeg\"><img loading=\"lazy\" decoding=\"async\" width=\"729\" height=\"1024\" src=\"https:\/\/lmf.lielaisdzintars.lv\/wp-content\/uploads\/2020\/07\/EEHWZXcUEAMhVdf-729x1024.jpeg\" alt=\"\" class=\"wp-image-218\" srcset=\"https:\/\/lmf.lielaisdzintars.lv\/wp-content\/uploads\/2020\/07\/EEHWZXcUEAMhVdf-729x1024.jpeg 729w, https:\/\/lmf.lielaisdzintars.lv\/wp-content\/uploads\/2020\/07\/EEHWZXcUEAMhVdf-214x300.jpeg 214w, https:\/\/lmf.lielaisdzintars.lv\/wp-content\/uploads\/2020\/07\/EEHWZXcUEAMhVdf-768x1078.jpeg 768w, https:\/\/lmf.lielaisdzintars.lv\/wp-content\/uploads\/2020\/07\/EEHWZXcUEAMhVdf-600x842.jpeg 600w, https:\/\/lmf.lielaisdzintars.lv\/wp-content\/uploads\/2020\/07\/EEHWZXcUEAMhVdf.jpeg 1050w\" sizes=\"auto, (max-width: 729px) 100vw, 729px\" \/><\/a><\/figure><div class=\"wp-block-media-text__content\">\n<h2 class=\"wp-block-heading\">Palest\u012bna pagr\u012bd\u0113 (<em>Palestine Underground<\/em>) <\/h2>\n\n\n\n<figure class=\"wp-block-embed-youtube wp-block-embed is-type-video is-provider-youtube wp-embed-aspect-16-9 wp-has-aspect-ratio\"><div class=\"wp-block-embed__wrapper\">\n<iframe loading=\"lazy\" title=\"&#039;Palestine Underground&#039; - Boiler Room TRAILER\" width=\"1060\" height=\"596\" src=\"https:\/\/www.youtube.com\/embed\/3_tn62VQeuA?feature=oembed\" frameborder=\"0\" allow=\"accelerometer; autoplay; encrypted-media; gyroscope; picture-in-picture\" allowfullscreen><\/iframe>\n<\/div><\/figure>\n<\/div><\/div>\n\n\n\n<hr class=\"wp-block-separator\"\/>\n\n\n\n<div style=\"height:64px\" aria-hidden=\"true\" class=\"wp-block-spacer\"><\/div>\n\n\n\n<div class=\"wp-block-media-text alignwide has-media-on-the-right is-stacked-on-mobile\" style=\"grid-template-columns:auto 26%\"><figure class=\"wp-block-media-text__media\"><a href=\"https:\/\/lmf.lielaisdzintars.lv\/wp-content\/uploads\/2020\/07\/29662415_10214359092984481_202153662271059639_o.jpg\"><img loading=\"lazy\" decoding=\"async\" width=\"724\" height=\"1024\" src=\"https:\/\/lmf.lielaisdzintars.lv\/wp-content\/uploads\/2020\/07\/29662415_10214359092984481_202153662271059639_o-724x1024.jpg\" alt=\"\" class=\"wp-image-220\" srcset=\"https:\/\/lmf.lielaisdzintars.lv\/wp-content\/uploads\/2020\/07\/29662415_10214359092984481_202153662271059639_o-724x1024.jpg 724w, https:\/\/lmf.lielaisdzintars.lv\/wp-content\/uploads\/2020\/07\/29662415_10214359092984481_202153662271059639_o-212x300.jpg 212w, https:\/\/lmf.lielaisdzintars.lv\/wp-content\/uploads\/2020\/07\/29662415_10214359092984481_202153662271059639_o-768x1086.jpg 768w, https:\/\/lmf.lielaisdzintars.lv\/wp-content\/uploads\/2020\/07\/29662415_10214359092984481_202153662271059639_o-1086x1536.jpg 1086w, https:\/\/lmf.lielaisdzintars.lv\/wp-content\/uploads\/2020\/07\/29662415_10214359092984481_202153662271059639_o-600x849.jpg 600w, https:\/\/lmf.lielaisdzintars.lv\/wp-content\/uploads\/2020\/07\/29662415_10214359092984481_202153662271059639_o.jpg 1250w\" sizes=\"auto, (max-width: 724px) 100vw, 724px\" \/><\/a><\/figure><div class=\"wp-block-media-text__content\">\n<h2 class=\"wp-block-heading\">Zemene<em> (Strawberry)<\/em><\/h2>\n\n\n\n<figure class=\"wp-block-embed-youtube wp-block-embed is-type-video is-provider-youtube wp-embed-aspect-16-9 wp-has-aspect-ratio\"><div class=\"wp-block-embed__wrapper\">\n<iframe loading=\"lazy\" title=\"\u0627\u0644\u0625\u0639\u0644\u0627\u0646 \u0627\u0644\u0631\u0633\u0645\u064a \u0644\u0641\u064a\u0644\u0645 \u0641\u0631\u0627\u0648\u0644\u0629 - Strawberry Teaser\" width=\"1060\" height=\"596\" src=\"https:\/\/www.youtube.com\/embed\/4gr2XL8R4-c?feature=oembed\" frameborder=\"0\" allow=\"accelerometer; autoplay; encrypted-media; gyroscope; picture-in-picture\" allowfullscreen><\/iframe>\n<\/div><\/figure>\n\n\n\n<p><\/p>\n<\/div><\/div>\n\n\n\n<hr class=\"wp-block-separator\"\/>\n\n\n\n<div style=\"height:80px\" aria-hidden=\"true\" class=\"wp-block-spacer\"><\/div>\n\n\n\n<h2 class=\"wp-block-heading\"><strong>Seanss pl. 22.00<\/strong> (kop\u0113jais norises ilgums aptuveni 2 stundas 20 min\u016btes):<\/h2>\n\n\n\n<div class=\"wp-block-button\"><a class=\"wp-block-button__link has-background\" href=\"https:\/\/www.bilesuparadize.lv\/lv\/event\/82524\" style=\"background-color:#e6453e\" target=\"_blank\" rel=\"noreferrer noopener\">Pirkt bi\u013ceti<\/a><\/div>\n\n\n\n<div style=\"height:100px\" aria-hidden=\"true\" class=\"wp-block-spacer\"><\/div>\n\n\n\n<div class=\"wp-block-media-text alignwide has-media-on-the-right is-stacked-on-mobile is-image-fill\" style=\"grid-template-columns:auto 30%\"><figure class=\"wp-block-media-text__media\" style=\"background-image:url(https:\/\/lmf.lielaisdzintars.lv\/wp-content\/uploads\/2020\/07\/104831447_1508380006019535_7207858311625738810_n-1024x682.jpg);background-position:50% 50%\"><a href=\"https:\/\/lmf.lielaisdzintars.lv\/wp-content\/uploads\/2020\/07\/104831447_1508380006019535_7207858311625738810_n.jpg\"><img loading=\"lazy\" decoding=\"async\" width=\"1024\" height=\"682\" src=\"https:\/\/lmf.lielaisdzintars.lv\/wp-content\/uploads\/2020\/07\/104831447_1508380006019535_7207858311625738810_n-1024x682.jpg\" alt=\"\" class=\"wp-image-231\" srcset=\"https:\/\/lmf.lielaisdzintars.lv\/wp-content\/uploads\/2020\/07\/104831447_1508380006019535_7207858311625738810_n-1024x682.jpg 1024w, https:\/\/lmf.lielaisdzintars.lv\/wp-content\/uploads\/2020\/07\/104831447_1508380006019535_7207858311625738810_n-300x200.jpg 300w, https:\/\/lmf.lielaisdzintars.lv\/wp-content\/uploads\/2020\/07\/104831447_1508380006019535_7207858311625738810_n-768x512.jpg 768w, https:\/\/lmf.lielaisdzintars.lv\/wp-content\/uploads\/2020\/07\/104831447_1508380006019535_7207858311625738810_n-1536x1023.jpg 1536w, https:\/\/lmf.lielaisdzintars.lv\/wp-content\/uploads\/2020\/07\/104831447_1508380006019535_7207858311625738810_n-600x400.jpg 600w, https:\/\/lmf.lielaisdzintars.lv\/wp-content\/uploads\/2020\/07\/104831447_1508380006019535_7207858311625738810_n.jpg 1600w\" sizes=\"auto, (max-width: 1024px) 100vw, 1024px\" \/><\/a><\/figure><div class=\"wp-block-media-text__content\">\n<h2 class=\"wp-block-heading\">Paldies Dievam, piektdiena ir kl\u0101t! <em>(Thank God It\u2019s Friday!<\/em>)<\/h2>\n\n\n\n<figure class=\"wp-block-embed-youtube aligncenter wp-block-embed is-type-video is-provider-youtube wp-embed-aspect-16-9 wp-has-aspect-ratio\"><div class=\"wp-block-embed__wrapper\">\n<iframe loading=\"lazy\" title=\"Thank God It&#039;s Friday | Trailer | Available now\" width=\"1060\" height=\"596\" src=\"https:\/\/www.youtube.com\/embed\/RRc-5CbEnic?feature=oembed\" frameborder=\"0\" allow=\"accelerometer; autoplay; encrypted-media; gyroscope; picture-in-picture\" allowfullscreen><\/iframe>\n<\/div><\/figure>\n<\/div><\/div>\n\n\n\n<div class=\"wp-block-group\"><div class=\"wp-block-group__inner-container is-layout-flow wp-block-group-is-layout-flow\">\n<hr class=\"wp-block-separator is-style-default\"\/>\n<\/div><\/div>\n\n\n\n<div style=\"height:64px\" aria-hidden=\"true\" class=\"wp-block-spacer\"><\/div>\n\n\n\n<div class=\"wp-block-media-text alignwide has-media-on-the-right is-stacked-on-mobile\" style=\"grid-template-columns:auto 29%\"><figure class=\"wp-block-media-text__media\"><img loading=\"lazy\" decoding=\"async\" width=\"731\" height=\"1024\" src=\"https:\/\/lmf.lielaisdzintars.lv\/wp-content\/uploads\/2020\/07\/the-W18-POSTER-01-01-01-731x1024.jpg\" alt=\"\" class=\"wp-image-232\" srcset=\"https:\/\/lmf.lielaisdzintars.lv\/wp-content\/uploads\/2020\/07\/the-W18-POSTER-01-01-01-731x1024.jpg 731w, https:\/\/lmf.lielaisdzintars.lv\/wp-content\/uploads\/2020\/07\/the-W18-POSTER-01-01-01-214x300.jpg 214w, https:\/\/lmf.lielaisdzintars.lv\/wp-content\/uploads\/2020\/07\/the-W18-POSTER-01-01-01-768x1076.jpg 768w, https:\/\/lmf.lielaisdzintars.lv\/wp-content\/uploads\/2020\/07\/the-W18-POSTER-01-01-01-1097x1536.jpg 1097w, https:\/\/lmf.lielaisdzintars.lv\/wp-content\/uploads\/2020\/07\/the-W18-POSTER-01-01-01-600x840.jpg 600w, https:\/\/lmf.lielaisdzintars.lv\/wp-content\/uploads\/2020\/07\/the-W18-POSTER-01-01-01.jpg 1418w\" sizes=\"auto, (max-width: 731px) 100vw, 731px\" \/><\/figure><div class=\"wp-block-media-text__content\">\n<h2 class=\"wp-block-heading\">18 mekl\u0113t\u0101s <em>(The Wanted 18)<\/em>&nbsp;<\/h2>\n\n\n\n<figure class=\"wp-block-embed-youtube wp-block-embed is-type-video is-provider-youtube wp-embed-aspect-16-9 wp-has-aspect-ratio\"><div class=\"wp-block-embed__wrapper\">\n<iframe loading=\"lazy\" title=\"The Wanted 18 - Official Trailer\" width=\"1060\" height=\"596\" src=\"https:\/\/www.youtube.com\/embed\/hmSBrMvI2XM?feature=oembed\" frameborder=\"0\" allow=\"accelerometer; autoplay; encrypted-media; gyroscope; picture-in-picture\" allowfullscreen><\/iframe>\n<\/div><\/figure>\n\n\n\n<p><\/p>\n<\/div><\/div>\n\n\n\n<p><strong>Bi\u013cetes cena katram seansam:<\/strong> 5,00 eiro iepriek\u0161p\u0101rdo\u0161an\u0101.&nbsp; Notikuma dien\u0101 7,00 eiro<br>Filmas saturs nav piem\u0113rots b\u0113rniem. Filmas piem\u0113rotas person\u0101m, s\u0101kot no 16 gadu vecuma.<br><strong>Norises vieta:<\/strong> Kult\u016bras nams \u201cWiktorija\u201d, Graudu iela 34, Liep\u0101ja<br><strong>Organiz\u0113:<\/strong> Lielais dzintars<br><strong>Atbalsta<\/strong>: Liep\u0101jas pa\u0161vald\u012bba, Liep\u0101jas Kult\u016bras p\u0101rvalde un Valsts kult\u016brkapit\u0101la fonds<\/p>\n","protected":false},"excerpt":{"rendered":"<p>26.09. SESTDIENA 20.00 un 22.00 | Kult\u016bras nams \u201cWiktorija\u201d, Graudu iela 34, Liep\u0101ja Liep\u0101jas M\u0101kslas forums sadarb\u012bb\u0101 ar HIFF jeb \u201cHaifas Neatkar\u012bgo filmu festiv\u0101lu\u201d (Haifa Independent Film Festival) no Palest\u012bnas apmekl\u0113t\u0101jus aicina atkl\u0101t Palest\u012bnas kino m\u0101kslas ainu.&nbsp; \u0160aj\u0101 \u012bpa\u0161aj\u0101 kino vakar\u0101, kas notiks daudzu liep\u0101jnieku&#8230;<\/p>\n","protected":false},"author":1,"featured_media":0,"parent":0,"menu_order":0,"comment_status":"closed","ping_status":"closed","template":"","meta":{"footnotes":""},"class_list":["post-217","page","type-page","status-publish","hentry"],"_links":{"self":[{"href":"https:\/\/lmf.lielaisdzintars.lv\/index.php\/wp-json\/wp\/v2\/pages\/217","targetHints":{"allow":["GET"]}}],"collection":[{"href":"https:\/\/lmf.lielaisdzintars.lv\/index.php\/wp-json\/wp\/v2\/pages"}],"about":[{"href":"https:\/\/lmf.lielaisdzintars.lv\/index.php\/wp-json\/wp\/v2\/types\/page"}],"author":[{"embeddable":true,"href":"https:\/\/lmf.lielaisdzintars.lv\/index.php\/wp-json\/wp\/v2\/users\/1"}],"replies":[{"embeddable":true,"href":"https:\/\/lmf.lielaisdzintars.lv\/index.php\/wp-json\/wp\/v2\/comments?post=217"}],"version-history":[{"count":18,"href":"https:\/\/lmf.lielaisdzintars.lv\/index.php\/wp-json\/wp\/v2\/pages\/217\/revisions"}],"predecessor-version":[{"id":770,"href":"https:\/\/lmf.lielaisdzintars.lv\/index.php\/wp-json\/wp\/v2\/pages\/217\/revisions\/770"}],"wp:attachment":[{"href":"https:\/\/lmf.lielaisdzintars.lv\/index.php\/wp-json\/wp\/v2\/media?parent=217"}],"curies":[{"name":"wp","href":"https:\/\/api.w.org\/{rel}","templated":true}]}}