{"id":197,"date":"2020-07-30T10:14:08","date_gmt":"2020-07-30T10:14:08","guid":{"rendered":"https:\/\/lmf.lielaisdzintars.lv\/?page_id=197"},"modified":"2020-09-18T08:25:14","modified_gmt":"2020-09-18T08:25:14","slug":"izrade-pastaiga-upe","status":"publish","type":"page","link":"https:\/\/lmf.lielaisdzintars.lv\/index.php\/izrade-pastaiga-upe\/","title":{"rendered":"Izr\u0101de &#8211; pastaiga &#8220;Upe&#8221;"},"content":{"rendered":"\n<p><strong>26.09. SESTDIENA 13.00 un 16.00 | 27.09. SV\u0112TDIENA 13.00 un 16.00<\/strong><\/p>\n\n\n\n<figure class=\"wp-block-gallery columns-4 is-cropped wp-block-gallery-1 is-layout-flex wp-block-gallery-is-layout-flex\"><ul class=\"blocks-gallery-grid\"><li class=\"blocks-gallery-item\"><figure><a href=\"https:\/\/lmf.lielaisdzintars.lv\/wp-content\/uploads\/2020\/07\/UPE_4_mini-scaled.jpg\"><img loading=\"lazy\" decoding=\"async\" width=\"300\" height=\"215\" src=\"https:\/\/lmf.lielaisdzintars.lv\/wp-content\/uploads\/2020\/07\/UPE_4_mini-300x215.jpg\" alt=\"\" data-id=\"200\" data-full-url=\"https:\/\/lmf.lielaisdzintars.lv\/wp-content\/uploads\/2020\/07\/UPE_4_mini-scaled.jpg\" data-link=\"https:\/\/lmf.lielaisdzintars.lv\/?attachment_id=200\" class=\"wp-image-200\" srcset=\"https:\/\/lmf.lielaisdzintars.lv\/wp-content\/uploads\/2020\/07\/UPE_4_mini-300x215.jpg 300w, https:\/\/lmf.lielaisdzintars.lv\/wp-content\/uploads\/2020\/07\/UPE_4_mini-1024x734.jpg 1024w, https:\/\/lmf.lielaisdzintars.lv\/wp-content\/uploads\/2020\/07\/UPE_4_mini-768x551.jpg 768w, https:\/\/lmf.lielaisdzintars.lv\/wp-content\/uploads\/2020\/07\/UPE_4_mini-1536x1101.jpg 1536w, https:\/\/lmf.lielaisdzintars.lv\/wp-content\/uploads\/2020\/07\/UPE_4_mini-600x430.jpg 600w\" sizes=\"auto, (max-width: 300px) 100vw, 300px\" \/><\/a><\/figure><\/li><li class=\"blocks-gallery-item\"><figure><a href=\"https:\/\/lmf.lielaisdzintars.lv\/wp-content\/uploads\/2020\/07\/UPE_1_MINI-scaled.jpg\"><img loading=\"lazy\" decoding=\"async\" width=\"300\" height=\"200\" src=\"https:\/\/lmf.lielaisdzintars.lv\/wp-content\/uploads\/2020\/07\/UPE_1_MINI-300x200.jpg\" alt=\"\" data-id=\"198\" data-full-url=\"https:\/\/lmf.lielaisdzintars.lv\/wp-content\/uploads\/2020\/07\/UPE_1_MINI-scaled.jpg\" data-link=\"https:\/\/lmf.lielaisdzintars.lv\/?attachment_id=198\" class=\"wp-image-198\" srcset=\"https:\/\/lmf.lielaisdzintars.lv\/wp-content\/uploads\/2020\/07\/UPE_1_MINI-300x200.jpg 300w, https:\/\/lmf.lielaisdzintars.lv\/wp-content\/uploads\/2020\/07\/UPE_1_MINI-1024x683.jpg 1024w, https:\/\/lmf.lielaisdzintars.lv\/wp-content\/uploads\/2020\/07\/UPE_1_MINI-768x512.jpg 768w, https:\/\/lmf.lielaisdzintars.lv\/wp-content\/uploads\/2020\/07\/UPE_1_MINI-1536x1024.jpg 1536w, https:\/\/lmf.lielaisdzintars.lv\/wp-content\/uploads\/2020\/07\/UPE_1_MINI-600x400.jpg 600w\" sizes=\"auto, (max-width: 300px) 100vw, 300px\" \/><\/a><\/figure><\/li><li class=\"blocks-gallery-item\"><figure><a href=\"https:\/\/lmf.lielaisdzintars.lv\/wp-content\/uploads\/2020\/07\/upe_mini-scaled.jpg\"><img loading=\"lazy\" decoding=\"async\" width=\"300\" height=\"217\" src=\"https:\/\/lmf.lielaisdzintars.lv\/wp-content\/uploads\/2020\/07\/upe_mini-300x217.jpg\" alt=\"\" data-id=\"201\" data-full-url=\"https:\/\/lmf.lielaisdzintars.lv\/wp-content\/uploads\/2020\/07\/upe_mini-scaled.jpg\" data-link=\"https:\/\/lmf.lielaisdzintars.lv\/?attachment_id=201\" class=\"wp-image-201\" srcset=\"https:\/\/lmf.lielaisdzintars.lv\/wp-content\/uploads\/2020\/07\/upe_mini-300x217.jpg 300w, https:\/\/lmf.lielaisdzintars.lv\/wp-content\/uploads\/2020\/07\/upe_mini-1024x740.jpg 1024w, https:\/\/lmf.lielaisdzintars.lv\/wp-content\/uploads\/2020\/07\/upe_mini-768x555.jpg 768w, https:\/\/lmf.lielaisdzintars.lv\/wp-content\/uploads\/2020\/07\/upe_mini-1536x1110.jpg 1536w, https:\/\/lmf.lielaisdzintars.lv\/wp-content\/uploads\/2020\/07\/upe_mini-600x434.jpg 600w\" sizes=\"auto, (max-width: 300px) 100vw, 300px\" \/><\/a><\/figure><\/li><li class=\"blocks-gallery-item\"><figure><a href=\"https:\/\/lmf.lielaisdzintars.lv\/wp-content\/uploads\/2020\/07\/upe_3_mini-scaled.jpg\"><img loading=\"lazy\" decoding=\"async\" width=\"300\" height=\"191\" src=\"https:\/\/lmf.lielaisdzintars.lv\/wp-content\/uploads\/2020\/07\/upe_3_mini-300x191.jpg\" alt=\"\" data-id=\"199\" data-full-url=\"https:\/\/lmf.lielaisdzintars.lv\/wp-content\/uploads\/2020\/07\/upe_3_mini-scaled.jpg\" data-link=\"https:\/\/lmf.lielaisdzintars.lv\/?attachment_id=199\" class=\"wp-image-199\" srcset=\"https:\/\/lmf.lielaisdzintars.lv\/wp-content\/uploads\/2020\/07\/upe_3_mini-300x191.jpg 300w, https:\/\/lmf.lielaisdzintars.lv\/wp-content\/uploads\/2020\/07\/upe_3_mini-1024x653.jpg 1024w, https:\/\/lmf.lielaisdzintars.lv\/wp-content\/uploads\/2020\/07\/upe_3_mini-768x490.jpg 768w, https:\/\/lmf.lielaisdzintars.lv\/wp-content\/uploads\/2020\/07\/upe_3_mini-1536x980.jpg 1536w, https:\/\/lmf.lielaisdzintars.lv\/wp-content\/uploads\/2020\/07\/upe_3_mini-600x383.jpg 600w\" sizes=\"auto, (max-width: 300px) 100vw, 300px\" \/><\/a><\/figure><\/li><\/ul><\/figure>\n\n\n\n<p>Izr\u0101de \u2013 pastaiga \u2018Upe\u201d ir ce\u013cojums st\u0101stos par cilv\u0113ku, lietu un dabas savstarp\u0113jo mijiedarb\u012bbu, kas ir br\u012b\u017eiem trausla, neprognoz\u0113jama, pak\u013cauta ilg\u0101m, p\u0101rbaud\u012bjumiem un jaunatkl\u0101jumiem. Izr\u0101de ir veidota, iedvesmojoties no Liep\u0101jas iedz\u012bvot\u0101ju person\u012bgajiem dz\u012bvesst\u0101stiem un pils\u0113tvides ainav\u0101m. Darba impulss ir radies no domas par vientul\u012bbas neiesp\u0113jam\u012bbu, jo ikviens esam nep\u0101rtraukt\u0101 attiec\u012bb\u0101 pret apk\u0101rt eso\u0161o &#8211; attiec\u012bb\u0101 pret zemi, solu, koku, m\u0101jdz\u012bvnieku, draugu, kaimi\u0146iem un visu citu, kas atrodas gan tuv\u0101, gan t\u0101l\u0101 att\u0101lum\u0101 no mums. Pat \u0161\u0137ietami nepamanot cits cita kl\u0101tb\u016btni, m\u0113s turpin\u0101m \u0161o attiec\u012bbu nebeidzamo pl\u016bsmu.<\/p>\n\n\n\n<p>Izr\u0101de notiks k\u0101 interakt\u012bva pastaiga pa Liep\u0101ju. T\u0101 s\u0101ksies Liep\u0101jas koncertz\u0101l\u0113 \u201cLielais dzintars\u201d un nosl\u0113gsies pie j\u016bras. Izr\u0101des autore ir horeogr\u0101fe Krist\u012bne Br\u012bni\u0146a, sadarbojoties ar horeogr\u0101fi Alisi Putni\u0146u. Izr\u0101des izpild\u012bt\u0101ji ir Liep\u0101jas Universit\u0101tes aktieru kursa studenti &#8211; Kintija St\u016bre, Hugo Puri\u0146\u0161, Agnija Dreimane, K\u0101rlis Elvis Artejevs, Madara Vi\u013c\u010duka, Art\u016brs Irbe, K\u0101rlis R\u016bdolfs \u0112rglis un Valts Skuja. Topo\u0161ie aktieri ir ar\u012b izr\u0101des dramatur\u0123ijas l\u012bdzautori, kas ori\u0123in\u0101ldarbus veido cie\u0161\u0101 sadarb\u012bb\u0101 ar Liep\u0101jas te\u0101tra dramatur\u0123i Rasu Bugavi\u010duti-P\u0113ci un horeogr\u0101f\u0113m Krist\u012bni Br\u012bni\u0146u un Alisi Putni\u0146u. Ska\u0146as ainavu autors ir komponists un m\u016bzi\u0137is Rihards L\u012bbietis sadarb\u012bb\u0101 ar izr\u0101des izpild\u012bt\u0101jiem. Izr\u0101de ir piem\u0113rota \u0123imen\u0113m ar b\u0113rniem, k\u0101 ar\u012b neierastu te\u0101tra formu cien\u012bt\u0101jiem.<\/p>\n\n\n\n<p><strong>Norises ilgums: <\/strong>aptuveni 1 stunda un 30 min\u016btes<br><strong>Norises vieta:<\/strong> Izr\u0101de ir k\u0101 interakt\u012bva pastaiga pa Liep\u0101ju, kas s\u0101ksies Liep\u0101jas koncertz\u0101l\u0113 \u201cLielais dzintars\u201d un nosl\u0113gsies pie j\u016bras<br><strong>Organiz\u0113:<\/strong> Biedr\u012bba \u201cCita Abra\u201d sadarb\u012bb\u0101 ar \u201cLielais dzintars\u201d<br><strong>Finansi\u0101li atbalsta<\/strong>: Liep\u0101jas pa\u0161vald\u012bba, Liep\u0101jas Kult\u016bras p\u0101rvalde un Valsts kult\u016brkapit\u0101la fonds<br><strong>Atbalst\u012bt\u0101ji:<\/strong> SIA \u201cPxB\u201d, SIA \u201cHMSound\u201d <\/p>\n\n\n\n<h3 class=\"wp-block-heading\"><strong>Pas\u0101kums ir bez ieejas maksas, iepriek\u0161 rezerv\u0113jot dal\u012bbu. <\/strong>(<span class=\"has-inline-color has-vivid-red-color\">Br\u012bvu vietu nav<\/span>)<\/h3>\n\n\n\n<p><\/p>\n\n\n\n<p><\/p>\n\n\n\n<div style=\"height:58px\" aria-hidden=\"true\" class=\"wp-block-spacer\"><\/div>\n\n\n\n<div class=\"wp-block-media-text alignwide has-media-on-the-right is-stacked-on-mobile\"><figure class=\"wp-block-media-text__media\"><\/figure><div class=\"wp-block-media-text__content\">\n\n\n<p><\/p>\n<\/div><\/div>\n","protected":false},"excerpt":{"rendered":"<p>26.09. SESTDIENA 13.00 un 16.00 | 27.09. SV\u0112TDIENA 13.00 un 16.00 Izr\u0101de \u2013 pastaiga \u2018Upe\u201d ir ce\u013cojums st\u0101stos par cilv\u0113ku, lietu un dabas savstarp\u0113jo mijiedarb\u012bbu, kas ir br\u012b\u017eiem trausla, neprognoz\u0113jama, pak\u013cauta ilg\u0101m, p\u0101rbaud\u012bjumiem un jaunatkl\u0101jumiem. Izr\u0101de ir veidota, iedvesmojoties no Liep\u0101jas iedz\u012bvot\u0101ju person\u012bgajiem dz\u012bvesst\u0101stiem un&#8230;<\/p>\n","protected":false},"author":1,"featured_media":0,"parent":0,"menu_order":0,"comment_status":"closed","ping_status":"closed","template":"","meta":{"footnotes":""},"class_list":["post-197","page","type-page","status-publish","hentry"],"_links":{"self":[{"href":"https:\/\/lmf.lielaisdzintars.lv\/index.php\/wp-json\/wp\/v2\/pages\/197","targetHints":{"allow":["GET"]}}],"collection":[{"href":"https:\/\/lmf.lielaisdzintars.lv\/index.php\/wp-json\/wp\/v2\/pages"}],"about":[{"href":"https:\/\/lmf.lielaisdzintars.lv\/index.php\/wp-json\/wp\/v2\/types\/page"}],"author":[{"embeddable":true,"href":"https:\/\/lmf.lielaisdzintars.lv\/index.php\/wp-json\/wp\/v2\/users\/1"}],"replies":[{"embeddable":true,"href":"https:\/\/lmf.lielaisdzintars.lv\/index.php\/wp-json\/wp\/v2\/comments?post=197"}],"version-history":[{"count":9,"href":"https:\/\/lmf.lielaisdzintars.lv\/index.php\/wp-json\/wp\/v2\/pages\/197\/revisions"}],"predecessor-version":[{"id":741,"href":"https:\/\/lmf.lielaisdzintars.lv\/index.php\/wp-json\/wp\/v2\/pages\/197\/revisions\/741"}],"wp:attachment":[{"href":"https:\/\/lmf.lielaisdzintars.lv\/index.php\/wp-json\/wp\/v2\/media?parent=197"}],"curies":[{"name":"wp","href":"https:\/\/api.w.org\/{rel}","templated":true}]}}