{"id":1552,"date":"2026-04-22T11:31:22","date_gmt":"2026-04-22T11:31:22","guid":{"rendered":"https:\/\/lmf.lielaisdzintars.lv\/?page_id=1552"},"modified":"2026-04-23T06:51:43","modified_gmt":"2026-04-23T06:51:43","slug":"1552-2","status":"publish","type":"page","link":"https:\/\/lmf.lielaisdzintars.lv\/","title":{"rendered":"LMF 2026"},"content":{"rendered":"\n<h4 class=\"wp-block-heading\">Septembra izska\u0146\u0101, 26. un 27. septembr\u012b, koncertz\u0101l\u0113 \u201cLielais dzintars\u201d atkal gaid\u0101ms m\u016bsdienu m\u0101kslas festiv\u0101ls \u201cLiep\u0101jas M\u0101kslas forums\u201d, kura ietvaros ar \u012bpa\u0161u notikumu tiks atz\u012bm\u0113ta k\u0101da gavi\u013cnieka jubileja un iepaz\u012bta jauna autorm\u016bzika no Monre\u0101las.<\/h4>\n\n\n\n<figure class=\"wp-block-image size-large\"><img loading=\"lazy\" decoding=\"async\" width=\"1024\" height=\"379\" src=\"https:\/\/lmf.lielaisdzintars.lv\/wp-content\/uploads\/2026\/04\/1702x630-3-LMF-2026-1024x379.jpg\" alt=\"\" class=\"wp-image-1556\" srcset=\"https:\/\/lmf.lielaisdzintars.lv\/wp-content\/uploads\/2026\/04\/1702x630-3-LMF-2026-1024x379.jpg 1024w, https:\/\/lmf.lielaisdzintars.lv\/wp-content\/uploads\/2026\/04\/1702x630-3-LMF-2026-300x111.jpg 300w, https:\/\/lmf.lielaisdzintars.lv\/wp-content\/uploads\/2026\/04\/1702x630-3-LMF-2026-768x284.jpg 768w, https:\/\/lmf.lielaisdzintars.lv\/wp-content\/uploads\/2026\/04\/1702x630-3-LMF-2026-1536x569.jpg 1536w, https:\/\/lmf.lielaisdzintars.lv\/wp-content\/uploads\/2026\/04\/1702x630-3-LMF-2026.jpg 1702w\" sizes=\"auto, (max-width: 1024px) 100vw, 1024px\" \/><\/figure>\n\n\n\n<p>Nupat, apr\u012bl\u012b, ar\u012b Liep\u0101j\u0101 izskan\u0113ja \u201cBaltijas M\u016bzikas dienas 2026\u201d. Festiv\u0101ls sev par moto bija izv\u0113l\u0113jies it k\u0101 pa\u0161saprotamo, it k\u0101 ne p\u0101rsp\u012bl\u0113ti po\u0113tisko un, \u0161\u0137iet, jau dzird\u0113to fr\u0101zi \u201cm\u0113s dz\u012bvojam citos laikos\u201d. Ar\u012b \u201cLiep\u0101jas M\u0101kslas forums\u201d dz\u012bvo citos laikos. No gada uz gadu. Iepriek\u0161, l\u012bdz \u0161im un jo \u012bpa\u0161i \u0161ogad.<br><br>\u201cLaiki liek rea\u0123\u0113t un piel\u0101goties, bet notur\u0113t augstu savulaik iedegto l\u0101pu \u2013 vismaz vien\u0101 ned\u0113\u013cas nogal\u0113 septembr\u012b Liep\u0101j\u0101 sol\u012bt pulc\u0113\u0161anos \u201crado\u0161umam, aizraut\u012bbai un m\u0101kslas jaunradei\u201d. Lai 2026. gada festiv\u0101ls ar diviem centr\u0101lajiem notikumiem koncertz\u0101l\u0113 26. un 27. septembr\u012b un pavado\u0161o pas\u0101kumu programmu tuv\u0113j\u0101s apk\u0101rtnes kult\u016brviet\u0101s ir k\u0101 komats starp l\u012bdz \u0161im piedz\u012bvoto un n\u0101ko\u0161gad \u201cEiropas Kult\u016bras galvaspils\u0113tas 2027\u201d titula ietvaros sol\u012bto forumu,\u201d aicina Liep\u0101jas koncertz\u0101le \u201cLielais dzintars\u201d.<br><br><strong>L\u012bdz pas\u0101kumu publiskai izzi\u0146o\u0161anai, veidot\u0101ju un programmas atkl\u0101\u0161anai 5. maij\u0101<\/strong>\u00a0ikviens var \u013caut va\u013cu izt\u0113lei, izteikt min\u0113jumus un tikm\u0113r ieg\u0101d\u0101ties pirm\u0101s \u201cc\u012bru\u013cu\u201d jeb \u201cearly bird\u201d bi\u013cetes uz festiv\u0101la notikumiem par izdev\u012bg\u0101k\u0101m cen\u0101m. P\u0101rdo\u0161an\u0101 ir ierobe\u017eots skaits numur\u0113tu un nenumur\u0113tu s\u0113dvietu. Bi\u013cetes pieejamas \u201cBi\u013ce\u0161u parad\u012bzes\u201d kas\u0113s un\u00a0<strong><mark style=\"background-color:rgba(0, 0, 0, 0)\" class=\"has-inline-color has-luminous-vivid-orange-color\"><a href=\"https:\/\/www.bilesuparadize.lv\/lv\/custompage\/6284\" target=\"_blank\" rel=\"noreferrer noopener\">internet\u0101<\/a>.<\/mark><\/strong><br><br>Viens no diviem centr\u0101lajiem \u0161\u012b gada \u201cLiep\u0101jas M\u0101kslas foruma\u201d notikumiem iecer\u0113ts\u00a0<strong>26. septembr\u012b plkst. 19.00<\/strong>. \u201cEs rakstu m\u016bziku. Un es gribu, lai cilv\u0113ki to klaus\u0101s, lai t\u0101 vi\u0146iem r\u016bp, un lai m\u016bzika ienes vi\u0146u dz\u012bv\u0113s kaut mazliet da\u017e\u0101d\u012bbas. Kad man paveicas un t\u0101 notiek, protams, j\u016btos \u013coti, \u013coti labi\u201d. T\u0101 teicis komponists, \u0161\u012b gada jubil\u0101rs, kuram velt\u012bts sveiciens \u2013 dejas, kust\u012bbas un kamerm\u016bzikas iestud\u0113jums. Top \u201cg\u0101jiens\u201d. P\u0113c kura mums, iesp\u0113jams, paveiksies un jut\u012bsimies labi.<br><br>Savuk\u0101rt notikums<strong>\u00a027. septembr\u012b plkst. 17.00<\/strong>\u00a0mudina dom\u0101t par \u201cm\u016bziku no Kan\u0101das\u201d. \u0160aj\u0101 t\u016bksto\u0161gad\u0113, run\u0101jot par popul\u0101ro m\u016bziku jo \u012bpa\u0161i no \u0161\u012bs Zieme\u013camerikas valsts, agr\u0101k nek\u0101 v\u0113lu saruna aizved\u012bs uz Monre\u0101lu. Tur ir, no k\u0101 izv\u0113l\u0113ties, ta\u010du \u0161\u0101d\u0101 sarun\u0101 nav iesp\u0113jams izvair\u012bties no k\u0101da viena kolekt\u012bva piesauk\u0161anas. Kad p\u0113c da\u017e\u0101diem trok\u0161\u0146iem uz skatuves un \u0101rpus t\u0101s kolekt\u012bvs nu \u0161\u0137iet pieklusis, t\u0101 dal\u012bbnieki kop\u0101 ar citu monre\u0101lieti muzic\u0113 m\u016bslaiku kamerm\u016bzikas trio un savu pirmo koncertu Latvij\u0101 sniegs tie\u0161i Liep\u0101j\u0101.<br><br>\u201cTas ir k\u0101 v\u0113rot m\u016bsu pa\u0161u agr\u012bnos gados atk\u0101rtojum\u0101 \u2013 vietas, kur\u0101s kop\u0101 burz\u012bj\u0101mies, cilv\u0113kus, kurus pazin\u0101m, tikai vienlaikus dz\u012bvojot ar\u012b \u0161odien\u0101\u201d. T\u0101 savas \u201cpirm\u0101s ska\u0146as\u201d jeb \u201cfirst sounds\u201d raksturo trijotne.<br><br>\u201cLiep\u0101jas M\u0101kslas forumu 2026\u201d organiz\u0113 SIA \u201cLielais Dzintars\u201d. Pas\u0101kumu norisi atbalsta: Liep\u0101jas pa\u0161vald\u012bba, Valsts Kult\u016brkapti\u0101la fonds,\u00a0<em>Artes Liberales<\/em>,\u00a0<em>Erica Synths<\/em>,\u00a0<em>Valmiermui\u017eas alus dar\u012btava<\/em>\u00a0un\u00a0<em>Gardu muti.<\/em><\/p>\n\n\n\n<p><\/p>\n","protected":false},"excerpt":{"rendered":"<p>Septembra izska\u0146\u0101, 26. un 27. septembr\u012b, koncertz\u0101l\u0113 \u201cLielais dzintars\u201d atkal gaid\u0101ms m\u016bsdienu m\u0101kslas festiv\u0101ls \u201cLiep\u0101jas M\u0101kslas forums\u201d, kura ietvaros ar \u012bpa\u0161u notikumu tiks atz\u012bm\u0113ta k\u0101da gavi\u013cnieka jubileja un iepaz\u012bta jauna autorm\u016bzika no Monre\u0101las. Nupat, apr\u012bl\u012b, ar\u012b Liep\u0101j\u0101 izskan\u0113ja \u201cBaltijas M\u016bzikas dienas 2026\u201d. Festiv\u0101ls sev par&#8230;<\/p>\n","protected":false},"author":1,"featured_media":0,"parent":0,"menu_order":0,"comment_status":"closed","ping_status":"closed","template":"","meta":{"footnotes":""},"class_list":["post-1552","page","type-page","status-publish","hentry"],"_links":{"self":[{"href":"https:\/\/lmf.lielaisdzintars.lv\/index.php\/wp-json\/wp\/v2\/pages\/1552","targetHints":{"allow":["GET"]}}],"collection":[{"href":"https:\/\/lmf.lielaisdzintars.lv\/index.php\/wp-json\/wp\/v2\/pages"}],"about":[{"href":"https:\/\/lmf.lielaisdzintars.lv\/index.php\/wp-json\/wp\/v2\/types\/page"}],"author":[{"embeddable":true,"href":"https:\/\/lmf.lielaisdzintars.lv\/index.php\/wp-json\/wp\/v2\/users\/1"}],"replies":[{"embeddable":true,"href":"https:\/\/lmf.lielaisdzintars.lv\/index.php\/wp-json\/wp\/v2\/comments?post=1552"}],"version-history":[{"count":4,"href":"https:\/\/lmf.lielaisdzintars.lv\/index.php\/wp-json\/wp\/v2\/pages\/1552\/revisions"}],"predecessor-version":[{"id":1560,"href":"https:\/\/lmf.lielaisdzintars.lv\/index.php\/wp-json\/wp\/v2\/pages\/1552\/revisions\/1560"}],"wp:attachment":[{"href":"https:\/\/lmf.lielaisdzintars.lv\/index.php\/wp-json\/wp\/v2\/media?parent=1552"}],"curies":[{"name":"wp","href":"https:\/\/api.w.org\/{rel}","templated":true}]}}