{"id":1513,"date":"2023-05-15T11:47:58","date_gmt":"2023-05-15T11:47:58","guid":{"rendered":"https:\/\/lmf.lielaisdzintars.lv\/?page_id=1513"},"modified":"2023-05-15T12:31:28","modified_gmt":"2023-05-15T12:31:28","slug":"lmf-visi-putni-skaisti-dzied-lidzdalibas-izrade","status":"publish","type":"page","link":"https:\/\/lmf.lielaisdzintars.lv\/index.php\/lmf-visi-putni-skaisti-dzied-lidzdalibas-izrade\/","title":{"rendered":"LMF. VISI PUTNI SKAISTI DZIED. L\u012aDZDAL\u012aBAS IZR\u0100DE"},"content":{"rendered":"<div class=\"wp-block-image\">\n<figure class=\"aligncenter size-large\"><img loading=\"lazy\" decoding=\"async\" width=\"1024\" height=\"576\" src=\"https:\/\/lmf.lielaisdzintars.lv\/wp-content\/uploads\/2023\/05\/VISIPUTNI_16pret9_FB-1024x576.jpg\" alt=\"\" class=\"wp-image-1514\" srcset=\"https:\/\/lmf.lielaisdzintars.lv\/wp-content\/uploads\/2023\/05\/VISIPUTNI_16pret9_FB-1024x576.jpg 1024w, https:\/\/lmf.lielaisdzintars.lv\/wp-content\/uploads\/2023\/05\/VISIPUTNI_16pret9_FB-300x169.jpg 300w, https:\/\/lmf.lielaisdzintars.lv\/wp-content\/uploads\/2023\/05\/VISIPUTNI_16pret9_FB-768x432.jpg 768w, https:\/\/lmf.lielaisdzintars.lv\/wp-content\/uploads\/2023\/05\/VISIPUTNI_16pret9_FB-1536x864.jpg 1536w, https:\/\/lmf.lielaisdzintars.lv\/wp-content\/uploads\/2023\/05\/VISIPUTNI_16pret9_FB.jpg 1920w\" sizes=\"auto, (max-width: 1024px) 100vw, 1024px\" \/><\/figure>\n<\/div>\n\n\n<p><\/p>\n\n\n\n<p class=\"has-black-color has-text-color\"><strong>\u201cLiep\u0101jas M\u0101kslas forums\u201d<\/strong><\/p>\n\n\n\n<p class=\"has-black-color has-text-color\"><strong>J\u016brmalas park\u0101 pie \u201cV\u0113ja m\u0101tes\u201d nosl\u0113gsim festiv\u0101lu ar muzik\u0101lu \u012bpa\u0161vietas izr\u0101di \u201cVisi putni skaisti dzied\u201d. T\u0101 ir dokument\u0101la l\u012bdzdal\u012bbas izr\u0101de, kas pied\u0101v\u0101s skat\u012bt\u0101jam neparastus skatpunktus uz kult\u016bras un dabas robe\u017e\u0101m, kur\u0101s c\u012bn\u0101s kultiv\u0113tais un dabiskais, cilv\u0113ka k\u0101rt\u012bba un dabas savva\u013ca.<\/strong><\/p>\n\n\n\n<p class=\"has-black-color has-text-color\">\u201cVisi putni skaisti dzied\u201d ir l\u012bdzdal\u012bbas izr\u0101de, kur\u0101 profesion\u0101li m\u0101kslinieki sadarbojas ar viet\u0113jo kopienu. Izr\u0101des ietvaros profesion\u0101li m\u0101kslinieki sadarbojas ar jauniem cilv\u0113kiem, kas dzied koros. Ta\u010du koris ne tikai izpilda muzik\u0101lo materi\u0101lu \u2013 vi\u0146u domas par dzied\u0101\u0161anu, cilv\u0113ka un dabas attiec\u012bb\u0101m k\u013c\u016bs par da\u013cu no izr\u0101des dramatur\u0123ijas. Ar\u012b skat\u012bt\u0101ji, ieklausoties un sadzirdot st\u0101stus par putniem un cilv\u0113kiem, veidos izr\u0101des kop\u0113jo skan\u0113jumu.<\/p>\n\n\n\n<p class=\"has-black-color has-text-color\">\u201cLatvie\u0161u mitolo\u0123ij\u0101 cilv\u0113ku un putnu dziesmas pal\u012bdz sak\u0101rtot pasauli. Dzeltenajai cielavai, zvirbulim, me\u017eirbei, griezei, dzenim un c\u012brulim taj\u0101 ir noz\u012bm\u012bgas lomas. Tom\u0113r \u0161obr\u012bd tie piedz\u012bvo strauju popul\u0101cijas samazin\u0101\u0161anos. Vi\u0146u balsis intens\u012bv\u0101s lauksaimniec\u012bbas un me\u017eistr\u0101des d\u0113\u013c ir apklusu\u0161as vai apklust vis\u0101 Eirop\u0101. Ar\u012b pie mums. Ko tas noz\u012bm\u0113 Latvijas cilv\u0113kiem, kuri dzied koros? Vai m\u016bsu dziesma un dzied\u0101\u0161ana sp\u0113j sak\u0101rtot pasauli t\u0101, lai taj\u0101 nepazustu maz\u0101k aizsarg\u0101t\u0101s balsis? Es gribu dot iesp\u0113ju cilv\u0113kiem, kurus aizrauj dzied\u0101\u0161ana, apzin\u0101ties, ka m\u016bsu bals\u012bm ir sp\u0113ks ne tikai lielaj\u0101 Dziesmu sv\u0113tku kopkor\u012b, ka m\u016bsu balsis var ne tikai skaisti skan\u0113t, bet ar\u012b aizst\u0101v\u0113t citus dzied\u0101t\u0101jus \u2013 putnus. M\u0113s st\u0101st\u0101m latvie\u0161u un putnu satik\u0161an\u0101s, kop\u012bgas dz\u012bves, sadz\u012bvo\u0161anas un sadzied\u0101\u0161an\u0101s st\u0101stu. Un uzdodam jaut\u0101jumu \u2013 kur sl\u0113pjas putna dziesmas v\u0113rt\u012bba?\u201d ar izr\u0101des koncepciju iepaz\u012bstina re\u017eisore Krista Bur\u0101ne.<\/p>\n\n\n\n<p class=\"has-black-color has-text-color\"><strong>Re\u017eisore un dramatur\u0123e:<\/strong> Krista Bur\u0101ne<br><strong>Komponists:<\/strong> J\u0113kabs N\u012bmanis<br><strong>Dramatur\u0123ijas konsultants:<\/strong> J\u0101nis Balodis<br><strong>M\u0101ksliniece: <\/strong>Pamela But\u0101ne<br><strong>Horeogr\u0101fe: <\/strong>Krist\u012bne Br\u012bni\u0146a<br><strong>Diri\u0123ents:<\/strong> Patriks K\u0101rlis Stepe<br><strong>Aktieri: <\/strong>Art\u016brs \u010cukurs, El\u012bza Dombrovska, R\u016bta Holendere, Anna Kli\u0161\u0101ne, Armands Sili\u0146\u0161<br><strong>Piedal\u0101s:<\/strong> Visu putnu koris<br><strong>Producents:<\/strong> <em>Dirty Deal Teatro<\/em> sadarb\u012bb\u0101 ar <em>Story Hub<\/em><\/p>\n\n\n\n<p><\/p>\n\n\n\n<p class=\"has-black-color has-text-color\"><strong>Norises vieta<\/strong>: laukums pie pieminek\u013ca boj\u0101 g\u0101ju\u0161ajiem j\u016brniekiem un zvejniekiem jeb \u201cV\u0113ja m\u0101tes\u201d pieminek\u013ca (Zvejnieku aleja 11A, Liep\u0101ja)<br><strong>Norises ilgums:<\/strong> aptuveni 2 stundas<br><strong>Organiz\u0113<\/strong>: Lielais dzintars<br><strong>Atbalsta: <\/strong>Liep\u0101jas pa\u0161vald\u012bba un Eiropas Re\u0123ion\u0101l\u0101s att\u012bst\u012bbas fonds<br><strong>Atbalsta:<\/strong> Liep\u0101jas pa\u0161vald\u012bba, Eiropas Re\u0123ion\u0101l\u0101s att\u012bst\u012bbas fonds, Valsts kult\u016brkapit\u0101la fonds<br><strong>Bi\u013cetes: <\/strong>10,00 eiro. <em>Pas\u0101kumam tuvojoties bi\u013ce\u0161u cena var tikt main\u012bta.<\/em><\/p>\n\n\n\n<p class=\"has-black-color has-text-color\"><em>Pas\u0101kums paredz\u0113ts pieaugu\u0161o auditorijai. B\u0113rni, kas jaun\u0101ki par 5 gadiem, var netikt ielaisti.<\/em><\/p>\n\n\n\n<p class=\"has-black-color has-text-color\"><strong>Atlaides:<\/strong><\/p>\n\n\n\n<ul class=\"has-black-color has-text-color wp-block-list\">\n<li>Skol\u0113niem, studentiem, pasniedz\u0113jiem, pension\u0101riem \u2013 25%<\/li>\n\n\n\n<li>Person\u0101m ar I un II grupas invalidit\u0101ti, k\u0101 ar\u012b vi\u0146u pavado\u0146iem \u2013 50%<\/li>\n\n\n\n<li>\u0122imenes bi\u013cetes 1 vai 2 pieaugu\u0161ie + 2 b\u0113rni (vai vair\u0101k) \u2013 25%<\/li>\n<\/ul>\n\n\n\n<p class=\"has-black-color has-text-color\"><em>NB. Apmekl\u0113jot koncertu, apmekl\u0113t\u0101jam ir j\u0101uzr\u0101da atlaidi apliecino\u0161s dokuments.<\/em><\/p>\n\n\n\n<p class=\"has-black-color has-text-color\"><strong>Grupu bi\u013cetes:<\/strong><\/p>\n\n\n\n<ul class=\"has-black-color has-text-color wp-block-list\">\n<li>10-29 personas \u2013 20%<\/li>\n\n\n\n<li>30 un vair\u0101k personas \u2013 25%<\/li>\n<\/ul>\n\n\n\n<div class=\"wp-block-buttons is-layout-flex wp-block-buttons-is-layout-flex\">\n<div class=\"wp-block-button\"><a class=\"wp-block-button__link wp-element-button\" href=\"https:\/\/www.bilesuparadize.lv\/lv\/event\/128859\" target=\"_blank\" rel=\"noreferrer noopener\">PIRKT BI\u013bETES<\/a><\/div>\n<\/div>\n","protected":false},"excerpt":{"rendered":"<p>\u201cLiep\u0101jas M\u0101kslas forums\u201d J\u016brmalas park\u0101 pie \u201cV\u0113ja m\u0101tes\u201d nosl\u0113gsim festiv\u0101lu ar muzik\u0101lu \u012bpa\u0161vietas izr\u0101di \u201cVisi putni skaisti dzied\u201d. T\u0101 ir dokument\u0101la l\u012bdzdal\u012bbas izr\u0101de, kas pied\u0101v\u0101s skat\u012bt\u0101jam neparastus skatpunktus uz kult\u016bras un dabas robe\u017e\u0101m, kur\u0101s c\u012bn\u0101s kultiv\u0113tais un dabiskais, cilv\u0113ka k\u0101rt\u012bba un dabas savva\u013ca. \u201cVisi putni&#8230;<\/p>\n","protected":false},"author":4,"featured_media":0,"parent":0,"menu_order":0,"comment_status":"closed","ping_status":"closed","template":"","meta":{"footnotes":""},"class_list":["post-1513","page","type-page","status-publish","hentry"],"_links":{"self":[{"href":"https:\/\/lmf.lielaisdzintars.lv\/index.php\/wp-json\/wp\/v2\/pages\/1513","targetHints":{"allow":["GET"]}}],"collection":[{"href":"https:\/\/lmf.lielaisdzintars.lv\/index.php\/wp-json\/wp\/v2\/pages"}],"about":[{"href":"https:\/\/lmf.lielaisdzintars.lv\/index.php\/wp-json\/wp\/v2\/types\/page"}],"author":[{"embeddable":true,"href":"https:\/\/lmf.lielaisdzintars.lv\/index.php\/wp-json\/wp\/v2\/users\/4"}],"replies":[{"embeddable":true,"href":"https:\/\/lmf.lielaisdzintars.lv\/index.php\/wp-json\/wp\/v2\/comments?post=1513"}],"version-history":[{"count":3,"href":"https:\/\/lmf.lielaisdzintars.lv\/index.php\/wp-json\/wp\/v2\/pages\/1513\/revisions"}],"predecessor-version":[{"id":1542,"href":"https:\/\/lmf.lielaisdzintars.lv\/index.php\/wp-json\/wp\/v2\/pages\/1513\/revisions\/1542"}],"wp:attachment":[{"href":"https:\/\/lmf.lielaisdzintars.lv\/index.php\/wp-json\/wp\/v2\/media?parent=1513"}],"curies":[{"name":"wp","href":"https:\/\/api.w.org\/{rel}","templated":true}]}}