{"id":1493,"date":"2023-05-15T11:07:37","date_gmt":"2023-05-15T11:07:37","guid":{"rendered":"https:\/\/lmf.lielaisdzintars.lv\/?page_id=1493"},"modified":"2023-05-15T12:29:53","modified_gmt":"2023-05-15T12:29:53","slug":"lmf-dejas-izrade-satikt-ievakrish","status":"publish","type":"page","link":"https:\/\/lmf.lielaisdzintars.lv\/index.php\/lmf-dejas-izrade-satikt-ievakrish\/","title":{"rendered":"LMF. DEJAS IZR\u0100DE \u201cSATIKT\u201d. IEVAKRISH"},"content":{"rendered":"<div class=\"wp-block-image\">\n<figure class=\"aligncenter size-large\"><img loading=\"lazy\" decoding=\"async\" width=\"1024\" height=\"576\" src=\"https:\/\/lmf.lielaisdzintars.lv\/wp-content\/uploads\/2023\/05\/IEVAKRISH_16pret9_FB-1024x576.jpg\" alt=\"\" class=\"wp-image-1494\" srcset=\"https:\/\/lmf.lielaisdzintars.lv\/wp-content\/uploads\/2023\/05\/IEVAKRISH_16pret9_FB-1024x576.jpg 1024w, https:\/\/lmf.lielaisdzintars.lv\/wp-content\/uploads\/2023\/05\/IEVAKRISH_16pret9_FB-300x169.jpg 300w, https:\/\/lmf.lielaisdzintars.lv\/wp-content\/uploads\/2023\/05\/IEVAKRISH_16pret9_FB-768x432.jpg 768w, https:\/\/lmf.lielaisdzintars.lv\/wp-content\/uploads\/2023\/05\/IEVAKRISH_16pret9_FB-1536x864.jpg 1536w, https:\/\/lmf.lielaisdzintars.lv\/wp-content\/uploads\/2023\/05\/IEVAKRISH_16pret9_FB.jpg 1920w\" sizes=\"auto, (max-width: 1024px) 100vw, 1024px\" \/><\/figure>\n<\/div>\n\n\n<p><\/p>\n\n\n\n<p class=\"has-black-color has-text-color\"><strong>\u201cLiep\u0101jas M\u0101kslas forums\u201d<\/strong><\/p>\n\n\n\n<p class=\"has-black-color has-text-color\"><strong>Apvien\u012bbas <a href=\"https:\/\/ievakrish.com\/\" data-type=\"URL\" data-id=\"https:\/\/ievakrish.com\/\" target=\"_blank\" rel=\"noreferrer noopener\">\u201cIevaKrish\u201d<\/a> dejas un dzied\u0101jumu izr\u0101des \u201cSatikt\u201d pamat\u0101 ir lietuvie\u0161u tradicion\u0101lie sutarti\u0146u dzied\u0101jumi. Saska\u0146ot\u0101 izpild\u012bjum\u0101 uz skatuves satiekas ietvero\u0161a horeogr\u0101fija, kust\u012bga ska\u0146a un dzied\u0101jumi, kuros vair\u0101kus dzied\u0101t\u0101jus vieno at\u0161\u0137ir\u012bgas melodijas da\u017e\u0101dos ska\u0146u augstumos. \u0160o \u012bpa\u0161o pieredzi piedz\u012bvosim tikpat \u012bpa\u0161\u0101 viet\u0101 \u2013 klub\u0101 \u201cKursa\u201d!<\/strong><\/p>\n\n\n\n<p class=\"has-black-color has-text-color\">Izr\u0101d\u0113 \u201cSatikt\u201d piedal\u0101s D\u0101rta Drava un Ilze Amanda Zakrevska, kas izpilda sutarti\u0146u dzied\u0101jumus lietuvie\u0161u valod\u0101. Kop\u0101 ar dzied\u0101t\u0101j\u0101m norises telp\u0101 atrodas horeogr\u0101fi, dejot\u0101ji, scenogr\u0101fi un izr\u0101des autori \u2013 Ieva Gauril\u010dikaite-Sants un Kri\u0161j\u0101nis Sants, jeb apvien\u012bba \u201cIevaKrish\u201d \u2013 kas izpilda izr\u0101dei specifiski rad\u012bto un no sutarti\u0146u dzied\u0101jumiem atvasin\u0101to divbals\u012bgo dejas materi\u0101lu. Sutarti\u0146u dzied\u0101jumus aran\u017e\u0113jis, ska\u0146as dizainu veidojis un kl\u0101tien\u0113 ska\u0146os J\u0113kabs N\u012bmanis. Darba dramatur\u0123ijai tapt pal\u012bdz\u0113ja Sandija Santa. Izr\u0101des \u201cSatikt\u201d producente ir Anna Ulberte.<\/p>\n\n\n\n<p><\/p>\n\n\n\n<p class=\"has-black-color has-text-color\"><strong>Autori, horeogr\u0101fi, scenogr\u0101fi:<\/strong> \u201cIevaKrish\u201d<br><strong>Dzied\u0101jumu aran\u017e\u0113jumi un ska\u0146as dizains:<\/strong> J\u0113kabs N\u012bmanis<br><strong>Rado\u0161\u0101 procesa v\u0113rot\u0101ja:<\/strong> Sandija Santa<br><strong>Izpild\u012bt\u0101ji:<\/strong> D\u0101rta Drava un Ilze Amanda Zakrevska (balss); Ieva Gauril\u010dikaite-Sants un Kri\u0161j\u0101nis Sants (deja)<br><strong>Gaismu m\u0101ksliniece:<\/strong> J\u016blija Bondarenko<br><strong>Producenti:<\/strong> \u201cTuvumi\u201d (Anna Ulberte, Katr\u012bna Smilga), Valmieras Vasaras te\u0101tra festiv\u0101ls.<\/p>\n\n\n\n<p class=\"has-black-color has-text-color\">Izr\u0101de tapusi 2020. gad\u0101 Valmieras Vasaras te\u0101tra festiv\u0101lam un da\u017e\u0101d\u0101s versij\u0101s uzvesta festiv\u0101los \u201cLaiks dejot!\u201d, \u201cSansus\u012b\u201d un \u201cHOROS\u201d viesizr\u0101\u017eu programm\u0101 Aizput\u0113 un R\u012bg\u0101.<\/p>\n\n\n\n<figure class=\"wp-block-embed is-type-video is-provider-youtube wp-block-embed-youtube wp-embed-aspect-16-9 wp-has-aspect-ratio\"><div class=\"wp-block-embed__wrapper\">\n<iframe loading=\"lazy\" title=\"Etnisk\u0101s m\u016bzikas un laikmet\u012bg\u0101s dejas piedz\u012bvojums \u201cSatikt\u201d\" width=\"1060\" height=\"596\" src=\"https:\/\/www.youtube.com\/embed\/luNVsrDeVBk?feature=oembed\" frameborder=\"0\" allow=\"accelerometer; autoplay; clipboard-write; encrypted-media; gyroscope; picture-in-picture; web-share\" allowfullscreen><\/iframe>\n<\/div><\/figure>\n\n\n\n<p class=\"has-black-color has-text-color\"><br><strong>Norises vieta:&nbsp;<\/strong>klubs \u201cKursa\u201d (Zvejnieku aleja 11, Liep\u0101ja)<br><strong>Organiz\u0113:&nbsp;<\/strong>Lielais dzintars<br><strong>Atbalsta:&nbsp;<\/strong>Liep\u0101jas pa\u0161vald\u012bba un Eiropas Re\u0123ion\u0101l\u0101s att\u012bst\u012bbas fonds<br><strong>Bi\u013cetes:&nbsp;<\/strong>10,00 eiro.&nbsp;<em>Pas\u0101kumam tuvojoties bi\u013ce\u0161u cena var tikt main\u012bta.<\/em><\/p>\n\n\n\n<p class=\"has-black-color has-text-color\"><em>Pas\u0101kums paredz\u0113ts pieaugu\u0161o auditorijai. B\u0113rni, kas jaun\u0101ki par 5 gadiem, var netikt ielaisti.<\/em><\/p>\n\n\n\n<p class=\"has-black-color has-text-color\"><strong>Atlaides:<\/strong><\/p>\n\n\n\n<ul class=\"has-black-color has-text-color wp-block-list\">\n<li>Skol\u0113niem, studentiem, pasniedz\u0113jiem, pension\u0101riem \u2013 25%<\/li>\n\n\n\n<li>Person\u0101m ar I un II grupas invalidit\u0101ti, k\u0101 ar\u012b vi\u0146u pavado\u0146iem \u2013 50%<\/li>\n\n\n\n<li>\u0122imenes bi\u013cetes 1 vai 2 pieaugu\u0161ie + 2 b\u0113rni (vai vair\u0101k) \u2013 25%<\/li>\n<\/ul>\n\n\n\n<p class=\"has-black-color has-text-color\"><em>NB. Apmekl\u0113jot koncertu, apmekl\u0113t\u0101jam ir j\u0101uzr\u0101da atlaidi apliecino\u0161s dokuments.<\/em><\/p>\n\n\n\n<p class=\"has-black-color has-text-color\"><strong>Grupu bi\u013cetes:<\/strong><\/p>\n\n\n\n<ul class=\"has-black-color has-text-color wp-block-list\">\n<li>10-29 personas \u2013 20%<\/li>\n\n\n\n<li>30 un vair\u0101k personas \u2013 25%<\/li>\n<\/ul>\n\n\n\n<div class=\"wp-block-buttons is-layout-flex wp-block-buttons-is-layout-flex\">\n<div class=\"wp-block-button\"><a class=\"wp-block-button__link wp-element-button\" href=\"https:\/\/www.bilesuparadize.lv\/lv\/event\/128856\" target=\"_blank\" rel=\"noreferrer noopener\">PIRKT BI\u013bETES<\/a><\/div>\n<\/div>\n","protected":false},"excerpt":{"rendered":"<p>\u201cLiep\u0101jas M\u0101kslas forums\u201d Apvien\u012bbas \u201cIevaKrish\u201d dejas un dzied\u0101jumu izr\u0101des \u201cSatikt\u201d pamat\u0101 ir lietuvie\u0161u tradicion\u0101lie sutarti\u0146u dzied\u0101jumi. Saska\u0146ot\u0101 izpild\u012bjum\u0101 uz skatuves satiekas ietvero\u0161a horeogr\u0101fija, kust\u012bga ska\u0146a un dzied\u0101jumi, kuros vair\u0101kus dzied\u0101t\u0101jus vieno at\u0161\u0137ir\u012bgas melodijas da\u017e\u0101dos ska\u0146u augstumos. \u0160o \u012bpa\u0161o pieredzi piedz\u012bvosim tikpat \u012bpa\u0161\u0101 viet\u0101 \u2013 klub\u0101&#8230;<\/p>\n","protected":false},"author":4,"featured_media":0,"parent":0,"menu_order":0,"comment_status":"closed","ping_status":"closed","template":"","meta":{"footnotes":""},"class_list":["post-1493","page","type-page","status-publish","hentry"],"_links":{"self":[{"href":"https:\/\/lmf.lielaisdzintars.lv\/index.php\/wp-json\/wp\/v2\/pages\/1493","targetHints":{"allow":["GET"]}}],"collection":[{"href":"https:\/\/lmf.lielaisdzintars.lv\/index.php\/wp-json\/wp\/v2\/pages"}],"about":[{"href":"https:\/\/lmf.lielaisdzintars.lv\/index.php\/wp-json\/wp\/v2\/types\/page"}],"author":[{"embeddable":true,"href":"https:\/\/lmf.lielaisdzintars.lv\/index.php\/wp-json\/wp\/v2\/users\/4"}],"replies":[{"embeddable":true,"href":"https:\/\/lmf.lielaisdzintars.lv\/index.php\/wp-json\/wp\/v2\/comments?post=1493"}],"version-history":[{"count":6,"href":"https:\/\/lmf.lielaisdzintars.lv\/index.php\/wp-json\/wp\/v2\/pages\/1493\/revisions"}],"predecessor-version":[{"id":1539,"href":"https:\/\/lmf.lielaisdzintars.lv\/index.php\/wp-json\/wp\/v2\/pages\/1493\/revisions\/1539"}],"wp:attachment":[{"href":"https:\/\/lmf.lielaisdzintars.lv\/index.php\/wp-json\/wp\/v2\/media?parent=1493"}],"curies":[{"name":"wp","href":"https:\/\/api.w.org\/{rel}","templated":true}]}}