{"id":1459,"date":"2023-05-15T07:40:25","date_gmt":"2023-05-15T07:40:25","guid":{"rendered":"https:\/\/lmf.lielaisdzintars.lv\/?page_id=1459"},"modified":"2023-05-15T07:48:31","modified_gmt":"2023-05-15T07:48:31","slug":"prieksvards-2","status":"publish","type":"page","link":"https:\/\/lmf.lielaisdzintars.lv\/index.php\/prieksvards-2\/","title":{"rendered":"Priek\u0161v\u0101rds"},"content":{"rendered":"\n<h4 class=\"wp-block-heading\"><strong>\u201cVISI PUTNI SKAISTI DZIED\u201d<\/strong><\/h4>\n\n\n\n<h4 class=\"wp-block-heading\"><strong> Laipni l\u016bgti Liep\u0101jas M\u0101kslas forum\u0101\u201d \u2013 ikgad\u0113j\u0101 rado\u0161uma, aizraut\u012bbas un m\u0101kslas jaunrades festiv\u0101l\u0101!<\/strong><\/h4>\n\n\n\n<p>\u201cVisi putni skaisti dzied\u201d ir ne tikai paz\u012bstamas latvie\u0161u tautasdziesmas v\u0101rsma, ne tikai Kristas Bur\u0101nes veidot\u0101 \u012bpa\u0161\u0101 muzik\u0101l\u0101 priek\u0161nesuma nosaukums, bet ar\u012b \u0161\u012b gada festiv\u0101la vienojo\u0161ais moto.&nbsp;&nbsp;<\/p>\n\n\n\n<p>M\u0113s v\u0113lamies svin\u0113t kr\u0101sain\u012bbu un daudzveid\u012bbu.&nbsp;<strong>&#8220;Visi putni skaisti dzied&#8221;<\/strong>&nbsp;ir oda daudzveid\u012bgaj\u0101m un vienreiz\u012bgaj\u0101m bals\u012bm, kas ir m\u016bsu pasaul\u0113. T\u0101pat k\u0101 katram putnam ir sava neatk\u0101rtojam\u0101 dziesma, ar\u012b katram cilv\u0113kam ir sava balss, kas ir peln\u012bjusi b\u016bt sadzird\u0113ta.&nbsp;<\/p>\n\n\n\n<p>T\u0101pat k\u0101 biolo\u0123isk\u0101 daudzveid\u012bba ir b\u016btiska plan\u0113tas izdz\u012bvo\u0161anai, t\u0101 ar\u012b katra unik\u0101l\u0101 cilv\u0113ka balss ir b\u016btiska taisn\u012bgai un vienl\u012bdz\u012bgai sabiedr\u012bbai. T\u0101s kop\u0101 veido iek\u013caujo\u0161\u0101ku, soci\u0101li taisn\u012bg\u0101ku un ilgtsp\u0113j\u012bg\u0101ku pasauli. M\u0113s v\u0113lamies, lai t\u0101s tiktu sadzird\u0113tas un saklaus\u012btas! Un \u0161ogad t\u0101s ska\u013ci izskan\u0113s \u010detr\u0101s pils\u0113tas viet\u0101s!&nbsp;<\/p>\n\n\n\n<p>Festiv\u0101lu ievad\u012bs starptautisks Zieme\u013cvalstu sadarb\u012bbas m\u0101kslas projekts&nbsp;<strong>\u201c<a href=\"https:\/\/lielaisdzintars.lv\/lv\/cirque-musique\">Cirque Musique<\/a><\/strong><strong>\u201d<\/strong>, kur\u0101 tr\u012bs dienu garum\u0101 m\u016bzi\u0137i un cirka m\u0101kslas meistari aizraujo\u0161\u0101s meistarklas\u0113s b\u0113rniem un jaunie\u0161iem atkl\u0101s kop\u012bgo un at\u0161\u0137ir\u012bgo starp \u0161\u012bm da\u017e\u0101daj\u0101m m\u0101kslas discipl\u012bn\u0101m. Rezult\u0101ts \u2013 aizraujo\u0161s koncertuzvedums 28. septembr\u012b plkst. 19.00 koncertz\u0101les Lielaj\u0101 z\u0101l\u0113!<\/p>\n\n\n\n<p>Savuk\u0101rt pirmaj\u0101 festiv\u0101la dien\u0101 atkl\u0101sim&nbsp;<strong>m\u0101kslinieces Annas Priedolas izst\u0101di &#8220;Piena dienasgr\u0101matas&#8221;<\/strong>.&nbsp;Pamatojoties uz vi\u0146as person\u012bgo pieredzi, t\u0101 st\u0101sta par t\u0101d\u0101m dzi\u013c\u0101m t\u0113m\u0101m k\u0101 noveco\u0161ana un vientul\u012bba, demence un p\u0101rmai\u0146as \u0123imenes attiec\u012bb\u0101s, saskaroties ar slim\u012bbu un vecumu.&nbsp;<\/p>\n\n\n\n<p>Viens no savas paaudzes daudzpus\u012bg\u0101kajiem \u0123it\u0101ristiem, jap\u0101\u0146u izcelsmes skotu&nbsp; m\u0101kslinieks&nbsp;<strong>\u0160ons \u0160ibe<\/strong>&nbsp;Latvij\u0101 uzst\u0101sies pirmo reizi. Ar novatorisku pieeju savam instrumentam \u0160ibe iemantojis \u201cviens no izsmalcin\u0101t\u0101kajiem \u0123it\u0101ristiem nozar\u0113\u201d (<em>Gramophone<\/em>) reput\u0101ciju. Vi\u0146\u0161 ir jaun\u0101 \u0123it\u0101ristu vi\u013c\u0146a l\u012bderis un veido izdomas bag\u0101tas koncertprogrammas, kas mirdz gan ar novatorismu, gan kaisl\u012bgu klasikas interpret\u0101ciju.<\/p>\n\n\n\n<p>Programma Liep\u0101jai \u2013&nbsp;<strong>\u201cNeparasts\u201d (Out there<\/strong><strong>) ir jauns elektrisk\u0101s un akustisk\u0101s \u0123it\u0101ras apvienots priek\u0161nesums<\/strong>, kur m\u016bsu dienu un seno dienu komponistu darbi savijas tikpat neparasti viegli k\u0101 abi instrumenti.<\/p>\n\n\n\n<p>Un tad&nbsp;<strong>Liep\u0101jas M\u0101kslas foruma atkl\u0101\u0161anas ball\u012bte!<\/strong>&nbsp;Pasakaini fant\u0101ziju t\u0113li, savdab\u012bgi kr\u0101\u0161\u0146as b\u016btnes rad\u012bs neaizmirstamu atmosf\u0113ru, kur katrs t\u0113ls ir v\u0113rt\u012bgs un neatk\u0101rtojams. Vai t\u0101s sap\u0146u v\u012bzijas? Vai realit\u0101te? Viss iesp\u0113jamais l\u012bdzpast\u0101v\u0113s! Vissmalk\u0101k\u0101s elektronisk\u0101s m\u016bzikas pavad\u012bb\u0101 br\u012bvi izdejosim savus skaist\u0101kos \u201ces\u201d!<\/p>\n\n\n\n<p>Uz skatuves satiekas divas m\u0101kslas formas \u2013 dziesma un deja \u2013 kop\u0101 veidojot performanci. Tas ir&nbsp;<strong>\u201cSatikt\u201d<\/strong>&nbsp;\u2013 p\u0113t\u012bjums lietuvie\u0161u sutarti\u0146u dzied\u0101jumu daudzbals\u012bb\u0101. Izr\u0101des form\u0101 piedz\u012bvosim organiz\u0113tus&nbsp;<strong>akustiskos dzied\u0101jumus, ietvero\u0161u horeogr\u0101fiju un kust\u012bgu ska\u0146a, darba autoru \u2013 \u201cIevaKrish\u201d jaun\u0101ko darbu.<\/strong><strong>&nbsp;Satiekamies klub\u0101 \u201cKursa\u201d Liep\u0101j\u0101!<\/strong><\/p>\n\n\n\n<p>Ar\u012b pasaulslavenais, ar \u201cGrammy\u201d balvu nov\u0113rt\u0113tais&nbsp;<strong>vok\u0101lais ansamblis \u201cRoomful of Teeth\u201d<\/strong>&nbsp;no Amerikas Savienotaj\u0101m Valst\u012bm pie mums uzst\u0101sies pirmo reizi. Vok\u0101l\u0101 vien\u012bba papla\u0161ina cilv\u0113ka balss izteiksm\u012bgo potenci\u0101lu, specializ\u0113jas galvenok\u0101rt uz \u012bpa\u0161i ansamblim rad\u012bt\u0101m m\u016bsdienu komponistu koncertprogramm\u0101m un izce\u013cas ar acu \u017eilbino\u0161i virtuozu izv\u0113rstu vok\u0101lo tehniku p\u0101rvald\u012b\u0161anu. Liep\u0101j\u0101 skan\u0113s&nbsp;<strong>izdomas bag\u0101ta m\u016bsdienu amerik\u0101\u0146u vok\u0101l\u0101 m\u016bzika<\/strong>, ko rad\u012bju\u0161as tr\u012bs izcilas sievietes \u2013 komponistes. Visi darbi b\u016bs Latvijas pirmatska\u0146ojumi.<\/p>\n\n\n\n<p><strong>Sestdienas vakars tiks pavad\u012bts karstasin\u012bgas sp\u0101\u0146u avangarda flamenko dejas un m\u016bzikas apsk\u0101vienos<\/strong><strong>.<\/strong>&nbsp;Un pie tam naktsklub\u0101 \u201cFontaine Palace\u201d! \u0160aj\u0101 unik\u0101laj\u0101 programm\u0101 flamenko elementi \u2013 deja un \u0123it\u0101ra \u2013 satiekas ar d\u017eeza elementu \u2013 saksofonu, pan\u0101kot perfektu d\u017eeza un flamenko sapl\u016b\u0161anu. Inovat\u012bvu un ritmiski aizraujo\u0161u skan\u0113jumu priek\u0161nesumam pie\u0161\u0137irs unik\u0101ls instruments \u2013 \u201cflamenko ma\u0161\u012bna\u201d.<\/p>\n\n\n\n<p>Sv\u0113tdienas r\u012bt\u0101 pieredz\u0113ju\u0161ais&nbsp;<strong>\u017eonglieris Julians S\u0113ters no Norv\u0113\u0123ijas<\/strong>&nbsp;aicin\u0101s koncertz\u0101les jaun\u0101kos draugus piedz\u012bvojumiem bag\u0101t\u0101 ce\u013cojum\u0101 uz ma\u0123isku me\u017eu, kur \u017eongl\u0113jot, dejojot un sp\u0113l\u0113jot te\u0101tri, ar mums satiksies visda\u017e\u0101d\u0101kie pasaku un fant\u0101zijas t\u0113li.<\/p>\n\n\n\n<p>J\u016brmalas park\u0101 pie \u201cV\u0113ja m\u0101tes\u201d nosl\u0113gsim festiv\u0101lu ar&nbsp;<strong>muzik\u0101lu \u012bpa\u0161vietas izr\u0101di \u201cVisi putni skaisti dzied\u201d<\/strong>. T\u0101 ir dokument\u0101la l\u012bdzdal\u012bbas izr\u0101de, kas pied\u0101v\u0101s skat\u012bt\u0101jam neparastus skatpunktus uz kult\u016bras un dabas robe\u017e\u0101m, kur\u0101s c\u012bn\u0101s kultiv\u0113tais un dabiskais, cilv\u0113ka k\u0101rt\u012bba un dabas savva\u013ca. Izr\u0101d\u0113 dziesmas un dzied\u0101\u0161anas savstarp\u0113j\u0101s attiec\u012bbas tiks apl\u016bkotas \u010detros l\u012bme\u0146os, savijot mitolo\u0123isko, ekolo\u0123isko, v\u0113sturisko un identit\u0101tes veido\u0161an\u0101s st\u0101stus.<\/p>\n\n\n\n<p>Uz tik\u0161anos!<br>Liep\u0101jas M\u0101kslas foruma<br>M\u0101ksliniecisk\u0101 vad\u012bt\u0101ja<\/p>\n\n\n\n<p><strong>Baiba Bartkevi\u010da<\/strong><\/p>\n","protected":false},"excerpt":{"rendered":"<p>\u201cVISI PUTNI SKAISTI DZIED\u201d Laipni l\u016bgti Liep\u0101jas M\u0101kslas forum\u0101\u201d \u2013 ikgad\u0113j\u0101 rado\u0161uma, aizraut\u012bbas un m\u0101kslas jaunrades festiv\u0101l\u0101! \u201cVisi putni skaisti dzied\u201d ir ne tikai paz\u012bstamas latvie\u0161u tautasdziesmas v\u0101rsma, ne tikai Kristas Bur\u0101nes veidot\u0101 \u012bpa\u0161\u0101 muzik\u0101l\u0101 priek\u0161nesuma nosaukums, bet ar\u012b \u0161\u012b gada festiv\u0101la vienojo\u0161ais moto.&nbsp;&nbsp; M\u0113s&#8230;<\/p>\n","protected":false},"author":1,"featured_media":0,"parent":0,"menu_order":0,"comment_status":"closed","ping_status":"closed","template":"","meta":{"footnotes":""},"class_list":["post-1459","page","type-page","status-publish","hentry"],"_links":{"self":[{"href":"https:\/\/lmf.lielaisdzintars.lv\/index.php\/wp-json\/wp\/v2\/pages\/1459","targetHints":{"allow":["GET"]}}],"collection":[{"href":"https:\/\/lmf.lielaisdzintars.lv\/index.php\/wp-json\/wp\/v2\/pages"}],"about":[{"href":"https:\/\/lmf.lielaisdzintars.lv\/index.php\/wp-json\/wp\/v2\/types\/page"}],"author":[{"embeddable":true,"href":"https:\/\/lmf.lielaisdzintars.lv\/index.php\/wp-json\/wp\/v2\/users\/1"}],"replies":[{"embeddable":true,"href":"https:\/\/lmf.lielaisdzintars.lv\/index.php\/wp-json\/wp\/v2\/comments?post=1459"}],"version-history":[{"count":3,"href":"https:\/\/lmf.lielaisdzintars.lv\/index.php\/wp-json\/wp\/v2\/pages\/1459\/revisions"}],"predecessor-version":[{"id":1464,"href":"https:\/\/lmf.lielaisdzintars.lv\/index.php\/wp-json\/wp\/v2\/pages\/1459\/revisions\/1464"}],"wp:attachment":[{"href":"https:\/\/lmf.lielaisdzintars.lv\/index.php\/wp-json\/wp\/v2\/media?parent=1459"}],"curies":[{"name":"wp","href":"https:\/\/api.w.org\/{rel}","templated":true}]}}