{"id":1399,"date":"2022-06-29T10:46:46","date_gmt":"2022-06-29T10:46:46","guid":{"rendered":"https:\/\/lmf.lielaisdzintars.lv\/?page_id=1399"},"modified":"2022-08-16T13:27:00","modified_gmt":"2022-08-16T13:27:00","slug":"lmf-zitluhina-un-kaukulis-dejas-pirmizrade-liepajas-metalurga","status":"publish","type":"page","link":"https:\/\/lmf.lielaisdzintars.lv\/index.php\/lmf-zitluhina-un-kaukulis-dejas-pirmizrade-liepajas-metalurga\/","title":{"rendered":"LMF. \u017dITLUHINA UN KAUKULIS. DEJAS PIRMIZR\u0100DE LIEP\u0100JAS METALURG\u0100"},"content":{"rendered":"\n<figure class=\"wp-block-image size-large\"><img loading=\"lazy\" decoding=\"async\" width=\"1024\" height=\"576\" src=\"https:\/\/lmf.lielaisdzintars.lv\/wp-content\/uploads\/2022\/06\/KaukulisZitluhina_16pret9_FB-1-1024x576.jpg\" alt=\"\" class=\"wp-image-1400\" srcset=\"https:\/\/lmf.lielaisdzintars.lv\/wp-content\/uploads\/2022\/06\/KaukulisZitluhina_16pret9_FB-1-1024x576.jpg 1024w, https:\/\/lmf.lielaisdzintars.lv\/wp-content\/uploads\/2022\/06\/KaukulisZitluhina_16pret9_FB-1-300x169.jpg 300w, https:\/\/lmf.lielaisdzintars.lv\/wp-content\/uploads\/2022\/06\/KaukulisZitluhina_16pret9_FB-1-768x432.jpg 768w, https:\/\/lmf.lielaisdzintars.lv\/wp-content\/uploads\/2022\/06\/KaukulisZitluhina_16pret9_FB-1-1536x864.jpg 1536w, https:\/\/lmf.lielaisdzintars.lv\/wp-content\/uploads\/2022\/06\/KaukulisZitluhina_16pret9_FB-1.jpg 1920w\" sizes=\"auto, (max-width: 1024px) 100vw, 1024px\" \/><\/figure>\n\n\n\n<p><strong>\u201cLiep\u0101jas M\u0101kslas forums\u201d pirmo reizi sav\u0101 programm\u0101 le\u0123end\u0101r\u0101s r\u016bpn\u012bcas \u201cLiep\u0101jas metalurgs\u201d teritorij\u0101 iepludin\u0101s m\u0101kslas elpu. \u012apa\u0161i \u0161im notikumam izcil\u0101 horeogr\u0101fe un dejot\u0101ja Olga \u017ditluhina un harism\u0101tiskais grupas \u201cDzelzs vilks\u201d m\u016bzi\u0137is Juris Kaukulis rad\u012bju\u0161i muzik\u0101li horeogr\u0101f\u0113tu darbu, iedz\u012bvinot iepriek\u0161 nepieejamo metalurga teritorijas da\u013cu jaun\u0101 veidol\u0101.<\/strong><\/p>\n\n\n\n<p>Apjom\u012bg\u0101 teritorija kalpos k\u0101 nep\u0101rtraukti main\u012bga un kust\u012bb\u0101s ce\u013cojo\u0161a \u201cskatuve\u201d, kura \u013caus apmekl\u0113t\u0101jiem tuv\u0101k ieraudz\u012bt gan meln\u0101s metalur\u0123ijas pamestos skurste\u0146us, gan ieklaus\u012bties k\u0101 \u0137\u0113\u017eu ceh\u0101 skan elektrisk\u0101s \u0123it\u0101ras jaud\u012bg\u0101s vibr\u0101cijas, flautas aizraut\u012bga v\u012btero\u0161ana un smalkie dejot\u0101ju so\u013ci.<\/p>\n\n\n\n<p>Ar laikmet\u012bg\u0101s dejas un m\u016bzikas performanci \u201cVienk\u0101r\u0161i labi\u201d m\u0101kslinieki kop\u0101 ar Latvijas Kult\u016bras akad\u0113mijas horeogr\u0101fijas studentiem un flautisti Lieni Dobi\u010dinu aicin\u0101s apmekl\u0113t\u0101jus sev\u012b un apk\u0101rt\u0113j\u0101 vid\u0113 ieraudz\u012bt labo. K\u0101 atkl\u0101j darba veidot\u0101ji, t\u0101 v\u0113st\u012bs par br\u012bdi: \u201c&#8230;kad nekur nav j\u0101skrien, kad ir laiks pal\u016bkoties debes\u012bs, ieklaus\u012bties sev\u012b, kad uz tevi skat\u0101s un redz m\u012b\u013cot\u0101 acis\u2026\u201d<\/p>\n\n\n\n<p>Performances laik\u0101 un ar\u012b p\u0113c t\u0101s apmekl\u0113t\u0101jiem b\u016bs iesp\u0113ja apl\u016bkot un izzin\u0101t biju\u0161\u0101s r\u016bpn\u012bcas \u201cLiep\u0101jas metalurgs\u201d teritoriju.<\/p>\n\n\n\n<p>L\u016bdzam v\u0113rst uzman\u012bbu, ka pas\u0101kuma teritorija nav piem\u0113rota person\u0101m ar kust\u012bbu trauc\u0113jumiem. Jaut\u0101jumu gad\u012bjum\u0101 aicin\u0101m sazin\u0101ties ar koncertz\u0101les inform\u0101cijas centru, rakstot uz e-pastu:\u00a0<a rel=\"noreferrer noopener\" href=\"mailto:info@lielaisdzintars.lv\" target=\"_blank\">info@lielaisdzintars.lv<\/a>\u00a0vai zvanot pa t\u0101lr. +371 63424555.<\/p>\n\n\n\n<figure class=\"wp-block-embed is-type-video is-provider-youtube wp-block-embed-youtube wp-embed-aspect-16-9 wp-has-aspect-ratio\"><div class=\"wp-block-embed__wrapper\">\n<iframe loading=\"lazy\" title=\"LMF. \u017dITLUHINA UN KAUKULIS. DEJAS PIRMIZR\u0100DE LIEP\u0100JAS METALURG\u0100\" width=\"1060\" height=\"596\" src=\"https:\/\/www.youtube.com\/embed\/xdRTKVb3W6M?feature=oembed\" frameborder=\"0\" allow=\"accelerometer; autoplay; clipboard-write; encrypted-media; gyroscope; picture-in-picture\" allowfullscreen><\/iframe>\n<\/div><\/figure>\n\n\n\n<p><strong>Piedal\u0101s:<\/strong><\/p>\n\n\n\n<p>Olga \u017ditluhina, horeogr\u0101fija, deja<br>Juris Kaukulis, elektronika, \u0123it\u0101ra un citi st\u012bgu instrumenti<br>Liene Dobi\u010dina, flauta<br>Latvjas Kult\u016bras akad\u0113mijas \u201cLaikmet\u012bg\u0101s dejas m\u0101kslas\u201d 2. kursa studenti, deja<\/p>\n\n\n\n<p><strong>Bi\u013cetes:<\/strong>&nbsp;s\u0101kot no 20.00 eiro. Bi\u013ce\u0161u skaits ir ierobe\u017eots.<\/p>\n\n\n\n<p><em>Pas\u0101kumam tuvojoties bi\u013ce\u0161u cena var tikt main\u012bta.<\/em><\/p>\n\n\n\n<p><strong>Norises vieta:<\/strong>&nbsp;biju\u0161\u0101s r\u016bpn\u012bcas \u201cLiep\u0101jas metalurgs\u201d teritorija, Br\u012bv\u012bbas iela 98<br><strong>Koncerts vien\u0101 da\u013c\u0101, norises ilgums:<\/strong>&nbsp;aptuveni 50 min\u016btes (neskaitot ekskursijas laiku)<br><strong>Organiz\u0113:<\/strong>&nbsp;Lielais dzintars sadarb\u012bb\u0101 ar Liep\u0101jas speci\u0101li ekonomisko zonu<br><strong>Atbalsta:<\/strong>&nbsp;Liep\u0101jas pa\u0161vald\u012bba un Eiropas Re\u0123ion\u0101l\u0101s att\u012bst\u012bbas fonds<\/p>\n\n\n\n<p><strong>Apmekl\u0113 vair\u0101kus \u201cLiep\u0101jas M\u0101kslas foruma\u201d pas\u0101kumus par izdev\u012bg\u0101k\u0101m cen\u0101m. Pied\u0101v\u0101jums darbojas, ieg\u0101d\u0101joties bi\u013cetes uz da\u017e\u0101diem koncertiem:<\/strong><\/p>\n\n\n\n<ul class=\"wp-block-list\"><li>1 koncerts = standarta cena<\/li><li>2 koncerti = 1 bi\u013cete par 10 eiro*<\/li><li>3 un vair\u0101k koncerti = 1 bi\u013cete par 7 eiro*<\/li><\/ul>\n\n\n\n<p>*Atlaides nesumm\u0113jas. Pied\u0101v\u0101jums pieejams, ieg\u0101d\u0101joties bi\u013cetes \u201cBi\u013ce\u0161u parad\u012bzes\u201d kl\u0101tienes kas\u0113s vis\u0101 Latvij\u0101.<\/p>\n\n\n\n<p><strong>Atlaides:<\/strong><\/p>\n\n\n\n<ul class=\"wp-block-list\"><li>Skol\u0113niem, studentiem, pasniedz\u0113jiem, pension\u0101riem \u2013 25%<\/li><li>Person\u0101m ar I un II grupas invalidit\u0101ti, k\u0101 ar\u012b vi\u0146u pavado\u0146iem \u2013 50%<\/li><li>\u0122imenes bi\u013cetes 1 vai 2 pieaugu\u0161ie + 2 b\u0113rni (vai vair\u0101k) \u2013 25%<\/li><\/ul>\n\n\n\n<p><em>NB. Apmekl\u0113jot koncertu, apmekl\u0113t\u0101jam ir j\u0101uzr\u0101da atlaidi apliecino\u0161s dokuments.<\/em><\/p>\n\n\n\n<p><strong>Grupu bi\u013cetes:<\/strong><\/p>\n\n\n\n<ul class=\"wp-block-list\"><li>10-29 personas \u2013 20%<\/li><li>30 un vair\u0101k personas -25%<\/li><\/ul>\n\n\n\n<div class=\"wp-block-buttons is-layout-flex wp-block-buttons-is-layout-flex\">\n<div class=\"wp-block-button\"><a class=\"wp-block-button__link\" href=\"https:\/\/www.bilesuparadize.lv\/lv\/event\/117696\" target=\"_blank\" rel=\"noreferrer noopener\">Pirkt bi\u013cetes<\/a><\/div>\n<\/div>\n","protected":false},"excerpt":{"rendered":"<p>\u201cLiep\u0101jas M\u0101kslas forums\u201d pirmo reizi sav\u0101 programm\u0101 le\u0123end\u0101r\u0101s r\u016bpn\u012bcas \u201cLiep\u0101jas metalurgs\u201d teritorij\u0101 iepludin\u0101s m\u0101kslas elpu. \u012apa\u0161i \u0161im notikumam izcil\u0101 horeogr\u0101fe un dejot\u0101ja Olga \u017ditluhina un harism\u0101tiskais grupas \u201cDzelzs vilks\u201d m\u016bzi\u0137is Juris Kaukulis rad\u012bju\u0161i muzik\u0101li horeogr\u0101f\u0113tu darbu, iedz\u012bvinot iepriek\u0161 nepieejamo metalurga teritorijas da\u013cu jaun\u0101 veidol\u0101. Apjom\u012bg\u0101&#8230;<\/p>\n","protected":false},"author":1,"featured_media":0,"parent":0,"menu_order":0,"comment_status":"closed","ping_status":"closed","template":"","meta":{"footnotes":""},"class_list":["post-1399","page","type-page","status-publish","hentry"],"_links":{"self":[{"href":"https:\/\/lmf.lielaisdzintars.lv\/index.php\/wp-json\/wp\/v2\/pages\/1399","targetHints":{"allow":["GET"]}}],"collection":[{"href":"https:\/\/lmf.lielaisdzintars.lv\/index.php\/wp-json\/wp\/v2\/pages"}],"about":[{"href":"https:\/\/lmf.lielaisdzintars.lv\/index.php\/wp-json\/wp\/v2\/types\/page"}],"author":[{"embeddable":true,"href":"https:\/\/lmf.lielaisdzintars.lv\/index.php\/wp-json\/wp\/v2\/users\/1"}],"replies":[{"embeddable":true,"href":"https:\/\/lmf.lielaisdzintars.lv\/index.php\/wp-json\/wp\/v2\/comments?post=1399"}],"version-history":[{"count":4,"href":"https:\/\/lmf.lielaisdzintars.lv\/index.php\/wp-json\/wp\/v2\/pages\/1399\/revisions"}],"predecessor-version":[{"id":1442,"href":"https:\/\/lmf.lielaisdzintars.lv\/index.php\/wp-json\/wp\/v2\/pages\/1399\/revisions\/1442"}],"wp:attachment":[{"href":"https:\/\/lmf.lielaisdzintars.lv\/index.php\/wp-json\/wp\/v2\/media?parent=1399"}],"curies":[{"name":"wp","href":"https:\/\/api.w.org\/{rel}","templated":true}]}}