{"id":1393,"date":"2022-06-29T10:39:40","date_gmt":"2022-06-29T10:39:40","guid":{"rendered":"https:\/\/lmf.lielaisdzintars.lv\/?page_id=1393"},"modified":"2022-06-29T10:41:17","modified_gmt":"2022-06-29T10:41:17","slug":"lmf-dj-nakts-klubnacht-berlin","status":"publish","type":"page","link":"https:\/\/lmf.lielaisdzintars.lv\/index.php\/lmf-dj-nakts-klubnacht-berlin\/","title":{"rendered":"LMF. DJ NAKTS KLUBNACHT BERLIN"},"content":{"rendered":"\n<figure class=\"wp-block-image size-large\"><img loading=\"lazy\" decoding=\"async\" width=\"1024\" height=\"576\" src=\"https:\/\/lmf.lielaisdzintars.lv\/wp-content\/uploads\/2022\/06\/DIDZEJU-NAKTS_16pret9_FB-1024x576.jpg\" alt=\"\" class=\"wp-image-1396\" srcset=\"https:\/\/lmf.lielaisdzintars.lv\/wp-content\/uploads\/2022\/06\/DIDZEJU-NAKTS_16pret9_FB-1024x576.jpg 1024w, https:\/\/lmf.lielaisdzintars.lv\/wp-content\/uploads\/2022\/06\/DIDZEJU-NAKTS_16pret9_FB-300x169.jpg 300w, https:\/\/lmf.lielaisdzintars.lv\/wp-content\/uploads\/2022\/06\/DIDZEJU-NAKTS_16pret9_FB-768x432.jpg 768w, https:\/\/lmf.lielaisdzintars.lv\/wp-content\/uploads\/2022\/06\/DIDZEJU-NAKTS_16pret9_FB-1536x864.jpg 1536w, https:\/\/lmf.lielaisdzintars.lv\/wp-content\/uploads\/2022\/06\/DIDZEJU-NAKTS_16pret9_FB.jpg 1920w\" sizes=\"auto, (max-width: 1024px) 100vw, 1024px\" \/><\/figure>\n\n\n\n<p><strong>\u201cLiep\u0101jas M\u0101kslas foruma\u201d atkl\u0101\u0161anas ball\u012bt\u0113 \/ DJ nakt\u012b \u201cKlubnacht Berlin\u201d sadarb\u012bb\u0101 ar&nbsp;<em>Kim?<\/em>&nbsp;Laikmet\u012bg\u0101s m\u0101kslas centru koncertz\u0101les fut\u016bristisk\u0101s aprises p\u0101rv\u0113rt\u012bsies par pasaules lab\u0101k\u0101 naktskluba Berl\u012bn\u0113 Berghain m\u0101su, kur\u0101 hipnotiski transcendent\u0101los d\u012bd\u017eeju setos uz \u0145ujorku, Londonu, Berl\u012bni un R\u012bgu m\u016bs teleport\u0113s britu multim\u0101kslinieks St\u012bvens Vorviks (<em>Steven Warwick<\/em>) un latvie\u0161u eksperiment\u0101lo ska\u0146u meistars Kaspars Gro\u0161evs.<\/strong><\/p>\n\n\n\n<p>Turpinot I\u013cjas Lipkina person\u0101lizst\u0101des \u201cYOU are the model! YOU are the majority!\u201d atkl\u0101\u0161anu \u201cLiep\u0101jas M\u0101kslas forum\u0101\u201d, Vorviks festiv\u0101la atkl\u0101\u0161anas ball\u012bti veido, inspir\u0113joties no pieredzes London\u0101 un sava drauga I\u013cjas biogr\u0101fijas \u2013 dzimis R\u012bg\u0101, uzaudzis Kv\u012bns\u0101 (\u0145ujorka), dz\u012bvo un str\u0101d\u0101 Berl\u012bn\u0113 \u2013 vaibstiem.<\/p>\n\n\n\n<p>Abi d\u012bd\u017eeji vakara gait\u0101 ar ska\u0146as pal\u012bdz\u012bbu veidos performat\u012bvu un hipnotiz\u0113jo\u0161u \u0161o da\u017e\u0101do lok\u0101ciju skanisko interpret\u0101ciju. Tverot \u0161o lielpils\u0113tu \u012bpa\u0161o auru ska\u0146\u0101s, m\u016bzi\u0137i aizved\u012bs klaus\u012bt\u0101jus audio ce\u013cojum\u0101, kas st\u0101st\u012bs par m\u0101kslinieku pavad\u012bto laiku un pieredz\u0113m pasaules metropol\u0113s.<\/p>\n\n\n\n<p>M\u016bzi\u0137is un vizu\u0101lais m\u0101kslinieks&nbsp;<strong>St\u012bvens Vorviks<\/strong>, kur\u0161 agr\u0101k bija paz\u012bstams ar pseidon\u012bmu Heatsick, ar \u201cCasio\u201d sintezatoru, ska\u0146as efektiem, balsi un perkusij\u0101m veido hipnotiskas, kust\u012bbu raiso\u0161as kompoz\u012bcijas, kas, l\u012bdz\u012bgi k\u0101 vi\u0146a vizu\u0101lie m\u0101kslas darbi, sapl\u016bst da\u017e\u0101dos objektos un medijos, aicinot skat\u012bt\u0101jus iesaist\u012bties proces\u0101.<\/p>\n\n\n\n<p>Vorviks uzst\u0101jies ekskluz\u012bvos naktsklubos k\u0101&nbsp;<em>Berghain<\/em>&nbsp;Berl\u012bn\u0113, kas pulc\u0113 pasaules lab\u0101kos d\u012bd\u017eejus,&nbsp;<em>Trouw<\/em>&nbsp;klub\u0101 Amsterdam\u0101, eksperiment\u0101l\u0101s un avangarda m\u016bzikas viet\u0101&nbsp;<em>ISSUE Project Room<\/em>&nbsp;\u0145ujork\u0101 k\u0101 ar\u012b Londonas laikmet\u012bg\u0101s m\u016bzikas festiv\u0101l\u0101, elektronisk\u0101s m\u016bzikas un digit\u0101l\u0101s m\u0101kslas festiv\u0101l\u0101&nbsp;<em>MUTEK<\/em>&nbsp;Monre\u0101l\u0101, laikmet\u012bg\u0101s un eksperiment\u0101l\u0101s m\u016bzikas festiv\u0101l\u0101&nbsp;<em>Unsound<\/em>&nbsp;Krakov\u0101 u.c.<\/p>\n\n\n\n<p>St\u012bvena Vorvika DJ programmu Liep\u0101j\u0101 \u201ciesild\u012bs\u201d pieredz\u0113ju\u0161ais ska\u0146as m\u0101kslinieks, kurators&nbsp;<strong>Kaspars Gro\u0161evs<\/strong>. Savos DJ setos vi\u0146\u0161 sajauc da\u017e\u0101dus \u017eanrus, mekl\u0113jot neparastus ritmus un sekvences gan pag\u0101tnes post-punk, balearic, new wave ierakstos, gan to atbalsojumos m\u016bsdienu elektroniskaj\u0101 m\u016bzik\u0101, pludinot atmosf\u0113riskus sintezatoru vi\u013c\u0146us, mies\u012bgus basus un lauztus ritmus, kas aicina kust\u0113ties l\u012bdzi.<\/p>\n\n\n\n<p>Ar m\u016bzikas rad\u012b\u0161anu Gro\u0161evs saist\u012bts kop\u0161 90-to beig\u0101m gan eksperiment\u0113jot elektronisk\u0101s m\u016bzikas lauk\u0101, gan l\u012bdzdarbojoties&nbsp;<em>hardcore<\/em>&nbsp;\u201cskatuv\u0113\u201d, ko p\u0113d\u0113jos gados nomain\u012bjusi interese par ska\u0146u m\u0101kslu un konceptu\u0101lisma apris\u0113m m\u016bzik\u0101. M\u016bzik\u0101 vi\u0146u interes\u0113 pamatelementi \u2013 cilv\u0113ka balss iesp\u0113jas, t\u012bri to\u0146i, ska\u0146as sait\u0113\u0161an\u0101s un vienk\u0101r\u0161i apstr\u0101des efekti.<\/p>\n\n\n\n<p><strong>Programm\u0101:<\/strong><\/p>\n\n\n\n<p>Kaspara Gro\u0161eva DJ programma, 2 stundas<br>St\u012bvena Vorvika (<em>Steven Warwick<\/em>) DJ programma, 2 stundas<\/p>\n\n\n\n<p><strong>St\u012bvens Vorviks<\/strong>&nbsp;(<em>Steven Warwick<\/em>) ir britu m\u0101kslinieks, m\u016bzi\u0137is un rakstnieks, kur\u0161 dz\u012bvo un str\u0101d\u0101 Berl\u012bn\u0113. Vi\u0146\u0161 praktiz\u0113 starpdisciplin\u0101ru pieeju, piev\u0113r\u0161oties te\u0101tra re\u017eis\u0113\u0161anai un d\u012bd\u017eejo\u0161anai, k\u0101 ar\u012b m\u0101kslai, m\u016bzikai un rakstniec\u012bbai. Vi\u0146a darbi ir izst\u0101d\u012bti daudz\u0101s un da\u017e\u0101d\u0101s platform\u0101s, tostarp m\u016bzikas ierakstos, galerij\u0101s, naktsklubos, druk\u0101t\u0101 veid\u0101 un internet\u0101. St\u012bvens Vorviks veikli apvieno \u0161o platformu iesp\u0113jas, kombin\u0113jot performanci, att\u0113lu, ska\u0146u un valodu un t\u0101d\u0113j\u0101di atainojot, k\u0101 ideolo\u0123ijas veido un apdz\u012bvo tie\u0161saistes un bezsaistes telpu \u2013 no kopstr\u0101des telp\u0101m l\u012bdz klubiem, TV \u0161oviem un tie\u0161saistes t\u0113rz\u0113tav\u0101m. Vorvika darbu plur\u0101listisk\u0101 dz\u012bv\u0101 forma maina [skat\u012bt\u0101ja\/apmekl\u0113t\u0101ja] gaidas un izpratni par performanci un publisk\u0101m izst\u0101d\u0113m.<\/p>\n\n\n\n<p><strong>Kaspars Gro\u0161evs<\/strong>&nbsp;\u2013 pieredz\u0113jis eksperiment\u0101l\u0101s m\u0101kslas un ska\u0146as m\u0101kslinieks, kurators un autors, kur\u0161 kop\u0161 2014. gada ir R\u012bg\u0101 pirm\u0101s m\u0101kslinieku vad\u012bt\u0101s galerijas \u201c427\u201d l\u012bdzdibin\u0101t\u0101js. M\u0101kslinieks \u012bstenojis virkni neatkar\u012bgu projektu, piedal\u012bjies starptautisk\u0101s grupu un person\u0101lizst\u0101d\u0113s, to skait\u0101 galerij\u0101&nbsp;<em>Futura<\/em>&nbsp;Pr\u0101g\u0101, m\u0101kslas centr\u0101&nbsp;<em>Bozar<\/em>&nbsp;Brisel\u0113, galerij\u0101&nbsp;<em>Shanaynay<\/em>&nbsp;Par\u012bz\u0113,&nbsp;<em>SIC<\/em>&nbsp;m\u0101kslinieku telp\u0101 Helsinkos k\u0101 ar\u012b Latvijas Nacion\u0101laj\u0101 m\u0101kslas muzej\u0101 un&nbsp;<em>Kim?<\/em>&nbsp;Laikmet\u012bg\u0101s m\u0101kslas centr\u0101.<\/p>\n\n\n\n<p><strong>Bi\u013cetes:<\/strong>\u00a07.00 eiro. Pas\u0101kumam tuvojoties bi\u013ce\u0161u cena var tikt main\u012bta.<br><strong>Norises vieta:\u00a0<\/strong>Koncertz\u0101les \u201cLielais dzintars\u201d publisk\u0101 zona, 2., 3. st\u0101vs<br><strong>Norises ilgums:<\/strong>\u00a0l\u012bdz plkst. 01.00<br><strong>Organiz\u0113:<\/strong>\u00a0Lielais dzintars sadarb\u012bb\u0101 ar\u00a0<em>Kim?<\/em>\u00a0Laikmet\u012bg\u0101s m\u0101kslas centru<br><strong>Atbalsta:<\/strong>\u00a0Liep\u0101jas pa\u0161vald\u012bba un Eiropas Re\u0123ion\u0101l\u0101s att\u012bst\u012bbas fonds<\/p>\n\n\n\n<p>Pas\u0101kuma apmekl\u0113t\u0101jus ar gardiem atspirdzin\u0101jumiem sagaid\u012bs z\u012bmols \u201cKokmui\u017ea\u201d.<br>Ieeja no 18 gadu vecuma. Kop\u0101 ar pieaugu\u0161u pavadoni \u2013 no 12 gadu vecuma.<\/p>\n\n\n\n<p><strong>Apmekl\u0113 vair\u0101kus \u201cLiep\u0101jas M\u0101kslas foruma\u201d pas\u0101kumus par izdev\u012bg\u0101k\u0101m cen\u0101m. Pied\u0101v\u0101jums darbojas, ieg\u0101d\u0101joties bi\u013cetes uz da\u017e\u0101diem koncertiem:<\/strong><\/p>\n\n\n\n<ul class=\"wp-block-list\"><li>1 koncerts = standarta cena<\/li><li>2 koncerti = 1 bi\u013cete par 10 eiro*<\/li><li>3 un vair\u0101k koncerti = 1 bi\u013cete par 7 eiro*<\/li><\/ul>\n\n\n\n<p>*Atlaides nesumm\u0113jas. Pied\u0101v\u0101jums pieejams, ieg\u0101d\u0101joties bi\u013cetes \u201cBi\u013ce\u0161u parad\u012bzes\u201d kl\u0101tienes kas\u0113s vis\u0101 Latvij\u0101.<\/p>\n\n\n\n<p><strong>Atlaides:<\/strong><\/p>\n\n\n\n<ul class=\"wp-block-list\"><li>Skol\u0113niem, studentiem, pasniedz\u0113jiem, pension\u0101riem \u2013 25%<\/li><li>Person\u0101m ar I un II grupas invalidit\u0101ti, k\u0101 ar\u012b vi\u0146u pavado\u0146iem \u2013 50%<\/li><li>\u0122imenes bi\u013cetes 1 vai 2 pieaugu\u0161ie + 2 b\u0113rni (vai vair\u0101k) \u2013 25%<\/li><\/ul>\n\n\n\n<p><em>NB. Apmekl\u0113jot koncertu, apmekl\u0113t\u0101jam ir j\u0101uzr\u0101da atlaidi apliecino\u0161s dokuments.<\/em><\/p>\n\n\n\n<p><strong>Grupu bi\u013cetes:<\/strong><\/p>\n\n\n\n<ul class=\"wp-block-list\"><li>10-29 personas \u2013 20%<\/li><li>30 un vair\u0101k personas \u2013 25%<\/li><\/ul>\n\n\n\n<div class=\"wp-block-buttons is-layout-flex wp-block-buttons-is-layout-flex\">\n<div class=\"wp-block-button\"><a class=\"wp-block-button__link\" href=\"https:\/\/www.bilesuparadize.lv\/lv\/event\/118423\" target=\"_blank\" rel=\"noreferrer noopener\">Pirkt bi\u013cetes<\/a><\/div>\n<\/div>\n","protected":false},"excerpt":{"rendered":"<p>\u201cLiep\u0101jas M\u0101kslas foruma\u201d atkl\u0101\u0161anas ball\u012bt\u0113 \/ DJ nakt\u012b \u201cKlubnacht Berlin\u201d sadarb\u012bb\u0101 ar&nbsp;Kim?&nbsp;Laikmet\u012bg\u0101s m\u0101kslas centru koncertz\u0101les fut\u016bristisk\u0101s aprises p\u0101rv\u0113rt\u012bsies par pasaules lab\u0101k\u0101 naktskluba Berl\u012bn\u0113 Berghain m\u0101su, kur\u0101 hipnotiski transcendent\u0101los d\u012bd\u017eeju setos uz \u0145ujorku, Londonu, Berl\u012bni un R\u012bgu m\u016bs teleport\u0113s britu multim\u0101kslinieks St\u012bvens Vorviks (Steven Warwick) un&#8230;<\/p>\n","protected":false},"author":1,"featured_media":0,"parent":0,"menu_order":0,"comment_status":"closed","ping_status":"closed","template":"","meta":{"footnotes":""},"class_list":["post-1393","page","type-page","status-publish","hentry"],"_links":{"self":[{"href":"https:\/\/lmf.lielaisdzintars.lv\/index.php\/wp-json\/wp\/v2\/pages\/1393","targetHints":{"allow":["GET"]}}],"collection":[{"href":"https:\/\/lmf.lielaisdzintars.lv\/index.php\/wp-json\/wp\/v2\/pages"}],"about":[{"href":"https:\/\/lmf.lielaisdzintars.lv\/index.php\/wp-json\/wp\/v2\/types\/page"}],"author":[{"embeddable":true,"href":"https:\/\/lmf.lielaisdzintars.lv\/index.php\/wp-json\/wp\/v2\/users\/1"}],"replies":[{"embeddable":true,"href":"https:\/\/lmf.lielaisdzintars.lv\/index.php\/wp-json\/wp\/v2\/comments?post=1393"}],"version-history":[{"count":2,"href":"https:\/\/lmf.lielaisdzintars.lv\/index.php\/wp-json\/wp\/v2\/pages\/1393\/revisions"}],"predecessor-version":[{"id":1398,"href":"https:\/\/lmf.lielaisdzintars.lv\/index.php\/wp-json\/wp\/v2\/pages\/1393\/revisions\/1398"}],"wp:attachment":[{"href":"https:\/\/lmf.lielaisdzintars.lv\/index.php\/wp-json\/wp\/v2\/media?parent=1393"}],"curies":[{"name":"wp","href":"https:\/\/api.w.org\/{rel}","templated":true}]}}