{"id":1381,"date":"2022-06-29T10:31:39","date_gmt":"2022-06-29T10:31:39","guid":{"rendered":"https:\/\/lmf.lielaisdzintars.lv\/?page_id=1381"},"modified":"2022-08-15T09:10:56","modified_gmt":"2022-08-15T09:10:56","slug":"lmf-atklasanas-koncerts-francu-salons-no-tango-lidz-eksperimentam","status":"publish","type":"page","link":"https:\/\/lmf.lielaisdzintars.lv\/index.php\/lmf-atklasanas-koncerts-francu-salons-no-tango-lidz-eksperimentam\/","title":{"rendered":"LMF ATKL\u0100\u0160ANAS KONCERTS. FRAN\u010cU SALONS \u2013 NO TANGO L\u012aDZ EKSPERIMENTAM"},"content":{"rendered":"\n<figure class=\"wp-block-image size-large\"><img loading=\"lazy\" decoding=\"async\" width=\"1024\" height=\"576\" src=\"https:\/\/lmf.lielaisdzintars.lv\/wp-content\/uploads\/2022\/06\/TrioSurel_16pret9_FB-1024x576.jpg\" alt=\"\" class=\"wp-image-1382\" srcset=\"https:\/\/lmf.lielaisdzintars.lv\/wp-content\/uploads\/2022\/06\/TrioSurel_16pret9_FB-1024x576.jpg 1024w, https:\/\/lmf.lielaisdzintars.lv\/wp-content\/uploads\/2022\/06\/TrioSurel_16pret9_FB-300x169.jpg 300w, https:\/\/lmf.lielaisdzintars.lv\/wp-content\/uploads\/2022\/06\/TrioSurel_16pret9_FB-768x432.jpg 768w, https:\/\/lmf.lielaisdzintars.lv\/wp-content\/uploads\/2022\/06\/TrioSurel_16pret9_FB-1536x864.jpg 1536w, https:\/\/lmf.lielaisdzintars.lv\/wp-content\/uploads\/2022\/06\/TrioSurel_16pret9_FB.jpg 1920w\" sizes=\"auto, (max-width: 1024px) 100vw, 1024px\" \/><\/figure>\n\n\n\n<p><strong>Trio \u201cSurel, Segal &amp; Gubitsch\u201d<\/strong><\/p>\n\n\n\n<p><strong>\u0160\u012b gada \u201cLiep\u0101jas M\u0101kslas forumu\u201d ies\u0101ksim jaud\u012bgi kop\u0101 ar m\u0101ksliniekiem no Francijas \u2013 virtuozo trio \u201cSurel, Segal &amp; Gubitsch\u201d. Festiv\u0101la atkl\u0101\u0161anas koncerts b\u016bs k\u0101 int\u012bms, emocion\u0101lu tirpu raiso\u0161s salonm\u016bzikas vakars, atminoties romantisko pasauli, kur\u0101 m\u016bziku un m\u0101kslu baud\u012bja draugu lok\u0101 m\u0101j\u0101s, viesistab\u0101. Sav\u0101 programm\u0101 m\u016bzi\u0137i klaus\u012bt\u0101jiem atkl\u0101s aizraujo\u0161u ce\u013cojumu m\u016bzikas \u017eanru pasaul\u0113 \u2013 no tango m\u016bzikas l\u012bdz ska\u0146u eksperimentiem!<\/strong><\/p>\n\n\n\n<p>Apburo\u0161ais, neklasific\u0113jamais trio \u201cSurel, Segal &amp; Gubitsch\u201d apvieno tr\u012bs unik\u0101lus raksturus un balsis \u2013 Sebastj\u0113na vijoli, Vinsenta \u010dellu un Tomasa elektrisko \u0123it\u0101ru. Uz skatuves izcilie m\u016bzi\u0137i ce\u013cos starp rakst\u012bt\u0101m partit\u016br\u0101m un improviz\u0101cij\u0101m un manevr\u0113s starp vair\u0101kiem m\u016bzikas kontinentiem, iegremd\u0113jot m\u016bs savas kop\u012bg\u0101s ska\u0146u valodas smalkum\u0101 un intensit\u0101t\u0113.<\/p>\n\n\n\n<p>Koncertprogramm\u0101 skan\u0113s muzik\u0101las improviz\u0101cijas, k\u0101 ar\u012b ska\u0146darbi no trio debijas albuma \u201cCamara pop\u201d. Taj\u0101 iek\u013cauti modern\u0101 tango \u017eanra iedvesmoti m\u016bzi\u0137u pa\u0161kompon\u0113tie ska\u0146darbi un braz\u012blie\u0161u d\u017eeza un fran\u010du klasisk\u0101s m\u016bzikas komponistu ska\u0146darbu aran\u017eijas. Gr\u016bva mot\u012bvus muzik\u0101li kr\u0101sainajam saj\u016btu vakaram pie\u0161\u0137irs fran\u010du triphopa grupas<em>&nbsp;Bumcello<\/em>&nbsp;darba \u201cChanging Everything\u201d aran\u017eija.<\/p>\n\n\n\n<p><strong>Trio \u201cSurel Segal &amp; Gubitsch\u201d<\/strong>\u00a0tika dibin\u0101ts 2014. gad\u0101, apvienojot tr\u012bs izcilu solistu \u2013 vijolnieka Sebastj\u0113na Sirela (<em>S\u00e9bastien Surel<\/em>), \u010dellista Vinsenta Seg\u0101la (<em>Vincent S\u00e9gal<\/em>) un elektrisk\u0101s \u0123it\u0101ras meistara Tomasa Gubi\u010da (<em>Tom\u00e1s Gubitsch<\/em>) \u2013 kop\u012bg\u0101s muzik\u0101l\u0101s teritorijas, bet ar\u012b at\u0161\u0137ir\u012bbas un unik\u0101l\u0101s iez\u012bmes. Klausoties vi\u0146us, rodas p\u0101rliec\u012bba, ka vi\u0146u \u0161\u0137ietami nejau\u0161\u0101 satik\u0161an\u0101s paties\u012bb\u0101 bija neizb\u0113gama. Ansamblis galvenok\u0101rt izpilda pa\u0161rad\u012btas kompoz\u012bcijas, ta\u010du vi\u0146u repertu\u0101r\u0101 vietu atrod ar\u012b Telonija M\u016bka, Hermeto Paskoala vai \u010c\u0101rlija \u010caplina ska\u0146darbu aran\u017eijas.<\/p>\n\n\n\n<figure class=\"wp-block-embed is-type-video is-provider-youtube wp-block-embed-youtube wp-embed-aspect-16-9 wp-has-aspect-ratio\"><div class=\"wp-block-embed__wrapper\">\n<iframe loading=\"lazy\" title=\"Surel, Segal, Gubitsch - Travesuras (Live @ Studios Ferber)\" width=\"1060\" height=\"596\" src=\"https:\/\/www.youtube.com\/embed\/6LYRos2xjvA?feature=oembed\" frameborder=\"0\" allow=\"accelerometer; autoplay; clipboard-write; encrypted-media; gyroscope; picture-in-picture\" allowfullscreen><\/iframe>\n<\/div><\/figure>\n\n\n\n<p><strong>Piedal\u0101s:<\/strong><\/p>\n\n\n\n<p>Sebastj\u0113ns Sirels (<em>S\u00e9bastien Surel<\/em>), vijole<br>Vinsents Seg\u0101ls (<em>Vincent S\u00e9gal<\/em>), \u010dells<br>Tomass Gubi\u010ds (<em>Tom\u00e1s Gubitsch<\/em>), \u0123it\u0101ra<\/p>\n\n\n\n<p><strong>Norises vieta:<\/strong>&nbsp;Liel\u0101 z\u0101le<br><strong>Koncerts vien\u0101 da\u013c\u0101, norises ilgums:<\/strong>&nbsp;aptuveni 1 stunda un 15 min\u016btes<br><strong>Organiz\u0113:<\/strong>&nbsp;Lielais dzintars<br><strong>Atbalsta:<\/strong>&nbsp;Liep\u0101jas pa\u0161vald\u012bba<br><strong>Bi\u013cetes:&nbsp;<\/strong>15.00 eiro. Pas\u0101kumam tuvojoties bi\u013ce\u0161u cena var tikt main\u012bta.<\/p>\n\n\n\n<p><strong>Apmekl\u0113 vair\u0101kus \u201cLiep\u0101jas M\u0101kslas foruma\u201d pas\u0101kumus par izdev\u012bg\u0101k\u0101m cen\u0101m. Pied\u0101v\u0101jums darbojas, ieg\u0101d\u0101joties bi\u013cetes uz da\u017e\u0101diem koncertiem:<\/strong><\/p>\n\n\n\n<p>1 koncerts = standarta cena<br>2 koncerti = 1 bi\u013cete par 10 eiro*<br>3 un vair\u0101k koncerti = 1 bi\u013cete par 7 eiro*<\/p>\n\n\n\n<p>*Atlaides nesumm\u0113jas. Pied\u0101v\u0101jums pieejams, ieg\u0101d\u0101joties bi\u013cetes \u201cBi\u013ce\u0161u parad\u012bzes\u201d kl\u0101tienes kas\u0113s vis\u0101 Latvij\u0101.<\/p>\n\n\n\n<p><strong>Atlaides:<\/strong><\/p>\n\n\n\n<ul class=\"wp-block-list\"><li>Skol\u0113niem, studentiem, pasniedz\u0113jiem, pension\u0101riem \u2013 25%<\/li><li>Person\u0101m ar I un II grupas invalidit\u0101ti, k\u0101 ar\u012b vi\u0146u pavado\u0146iem \u2013 50%<\/li><li>\u0122imenes bi\u013cetes 1 vai 2 pieaugu\u0161ie + 2 b\u0113rni (vai vair\u0101k) \u2013 25%<\/li><\/ul>\n\n\n\n<p><em>NB. Apmekl\u0113jot koncertu, apmekl\u0113t\u0101jam ir j\u0101uzr\u0101da atlaidi apliecino\u0161s dokuments.<\/em><\/p>\n\n\n\n<p><strong>Grupu bi\u013cetes:<\/strong><\/p>\n\n\n\n<ul class=\"wp-block-list\"><li>10-29 personas \u2013 20%<\/li><li>30 un vair\u0101k personas -25%<\/li><\/ul>\n\n\n\n<div class=\"wp-block-buttons is-layout-flex wp-block-buttons-is-layout-flex\">\n<div class=\"wp-block-button\"><a class=\"wp-block-button__link\" href=\"https:\/\/www.bilesuparadize.lv\/lv\/event\/117699\" target=\"_blank\" rel=\"noreferrer noopener\">Pirkt bi\u013cetes<\/a><\/div>\n<\/div>\n","protected":false},"excerpt":{"rendered":"<p>Trio \u201cSurel, Segal &amp; Gubitsch\u201d \u0160\u012b gada \u201cLiep\u0101jas M\u0101kslas forumu\u201d ies\u0101ksim jaud\u012bgi kop\u0101 ar m\u0101ksliniekiem no Francijas \u2013 virtuozo trio \u201cSurel, Segal &amp; Gubitsch\u201d. Festiv\u0101la atkl\u0101\u0161anas koncerts b\u016bs k\u0101 int\u012bms, emocion\u0101lu tirpu raiso\u0161s salonm\u016bzikas vakars, atminoties romantisko pasauli, kur\u0101 m\u016bziku un m\u0101kslu baud\u012bja draugu lok\u0101&#8230;<\/p>\n","protected":false},"author":1,"featured_media":0,"parent":0,"menu_order":0,"comment_status":"closed","ping_status":"closed","template":"","meta":{"footnotes":""},"class_list":["post-1381","page","type-page","status-publish","hentry"],"_links":{"self":[{"href":"https:\/\/lmf.lielaisdzintars.lv\/index.php\/wp-json\/wp\/v2\/pages\/1381","targetHints":{"allow":["GET"]}}],"collection":[{"href":"https:\/\/lmf.lielaisdzintars.lv\/index.php\/wp-json\/wp\/v2\/pages"}],"about":[{"href":"https:\/\/lmf.lielaisdzintars.lv\/index.php\/wp-json\/wp\/v2\/types\/page"}],"author":[{"embeddable":true,"href":"https:\/\/lmf.lielaisdzintars.lv\/index.php\/wp-json\/wp\/v2\/users\/1"}],"replies":[{"embeddable":true,"href":"https:\/\/lmf.lielaisdzintars.lv\/index.php\/wp-json\/wp\/v2\/comments?post=1381"}],"version-history":[{"count":8,"href":"https:\/\/lmf.lielaisdzintars.lv\/index.php\/wp-json\/wp\/v2\/pages\/1381\/revisions"}],"predecessor-version":[{"id":1433,"href":"https:\/\/lmf.lielaisdzintars.lv\/index.php\/wp-json\/wp\/v2\/pages\/1381\/revisions\/1433"}],"wp:attachment":[{"href":"https:\/\/lmf.lielaisdzintars.lv\/index.php\/wp-json\/wp\/v2\/media?parent=1381"}],"curies":[{"name":"wp","href":"https:\/\/api.w.org\/{rel}","templated":true}]}}