{"id":1063,"date":"2021-07-30T15:30:53","date_gmt":"2021-07-30T15:30:53","guid":{"rendered":"https:\/\/lmf.lielaisdzintars.lv\/?page_id=1063"},"modified":"2021-09-09T13:42:03","modified_gmt":"2021-09-09T13:42:03","slug":"kristines-brininas-dokumentalas-dejas-izrade-izdzivot-bernus-pirmizrade","status":"publish","type":"page","link":"https:\/\/lmf.lielaisdzintars.lv\/index.php\/kristines-brininas-dokumentalas-dejas-izrade-izdzivot-bernus-pirmizrade\/","title":{"rendered":"KRIST\u012aNES BR\u012aNI\u0145AS DOKUMENT\u0100L\u0100S DEJAS IZR\u0100DE &#8220;IZDZ\u012aVOT B\u0112RNUS&#8221;. PIRMIZR\u0100DE"},"content":{"rendered":"\n<figure class=\"wp-block-image size-large\"><img loading=\"lazy\" decoding=\"async\" width=\"1024\" height=\"576\" src=\"https:\/\/lmf.lielaisdzintars.lv\/wp-content\/uploads\/2021\/08\/LMF21_HDTV_1920x1080pix-12-1024x576.jpg\" alt=\"\" class=\"wp-image-1097\" srcset=\"https:\/\/lmf.lielaisdzintars.lv\/wp-content\/uploads\/2021\/08\/LMF21_HDTV_1920x1080pix-12-1024x576.jpg 1024w, https:\/\/lmf.lielaisdzintars.lv\/wp-content\/uploads\/2021\/08\/LMF21_HDTV_1920x1080pix-12-300x169.jpg 300w, https:\/\/lmf.lielaisdzintars.lv\/wp-content\/uploads\/2021\/08\/LMF21_HDTV_1920x1080pix-12-768x432.jpg 768w, https:\/\/lmf.lielaisdzintars.lv\/wp-content\/uploads\/2021\/08\/LMF21_HDTV_1920x1080pix-12-1536x864.jpg 1536w, https:\/\/lmf.lielaisdzintars.lv\/wp-content\/uploads\/2021\/08\/LMF21_HDTV_1920x1080pix-12.jpg 1920w\" sizes=\"auto, (max-width: 1024px) 100vw, 1024px\" \/><\/figure>\n\n\n\n<p><strong>26. SEPTEMBRIS | SV\u0112TDIENA | 12.00 | 15.00<\/strong><\/p>\n\n\n\n<p><strong>LMF. KRIST\u012aNES BR\u012aNI\u0145AS DOKUMENT\u0100L\u0100S DEJAS IZR\u0100DE &#8220;IZDZ\u012aVOT B\u0112RNUS&#8221;. PIRMIZR\u0100DE<\/strong><\/p>\n\n\n\n<p><strong>\u201cIzdz\u012bvot b\u0113rnus\u201d ir dokument\u0101la dejas izr\u0101de, kur\u0101 pieci Liep\u0101j\u0101 dz\u012bvojo\u0161i vec\u0101ki ir ap\u0146\u0113mu\u0161ies uz br\u012bdi k\u013c\u016bt par saviem b\u0113rniem. Izr\u0101de ir par tuv\u012bbu un uztic\u0113\u0161anos starp vec\u0101kiem un b\u0113rniem, nesl\u0113pjot no otra savas v\u0101j\u012bbas un bailes, bet pie\u0146emot un atbalstot vienam otru bez kritikas un \u0161aub\u0101m. <\/strong>Dejas jaundarbs ir horeogr\u0101fes Krist\u012bnes Br\u012bni\u0146as ies\u0101kt\u0101 ce\u013ca turpin\u0101jums, radot sabiedriski akt\u012bvu un soci\u0101li iek\u013caujo\u0161u laikmet\u012bg\u0101s skatuves m\u0101kslu. Izp\u0113t\u0101m\u0101s t\u0113mas aizs\u0101kumi mekl\u0113jami 2015. gad\u0101 tapu\u0161aj\u0101 izr\u0101d\u0113 \u201cNo\u0137er mani\u201d, kuru ar\u012b veidoja Krist\u012bne Br\u012bni\u0146a un produc\u0113ja \u201cpigeon-bridge\u201d.<\/p>\n\n\n\n<figure class=\"wp-block-embed is-type-video is-provider-youtube wp-block-embed-youtube wp-embed-aspect-16-9 wp-has-aspect-ratio\"><div class=\"wp-block-embed__wrapper\">\n<iframe loading=\"lazy\" title=\"Dejas izr\u0101des &quot;Izdz\u012bvot b\u0113rnus&quot; pirmizr\u0101de un kust\u012bbu klase &quot;MOveMENT&quot; Liep\u0101jas M\u0101kslas forum\u0101!\" width=\"1060\" height=\"596\" src=\"https:\/\/www.youtube.com\/embed\/Zg99IA9FmWQ?feature=oembed\" frameborder=\"0\" allow=\"accelerometer; autoplay; clipboard-write; encrypted-media; gyroscope; picture-in-picture\" allowfullscreen><\/iframe>\n<\/div><\/figure>\n\n\n\n<p><em>Apg\u016bstot&nbsp; un iedzi\u013cinoties b\u0113rnu&nbsp; rad\u012btaj\u0101s&nbsp; situ\u0101cij\u0101s,&nbsp; vec\u0101ki&nbsp; izaicina&nbsp; savas&nbsp; fizisk\u0101s iztur\u012bbas&nbsp; un&nbsp; precizit\u0101tes&nbsp; sp\u0113jas,&nbsp; vienlaic\u012bgi&nbsp; p\u0101rvarot&nbsp; person\u012bg\u0101s&nbsp; bailes.&nbsp; Ko&nbsp; noz\u012bm\u0113&nbsp; skrupulozi&nbsp; <\/em><em>apg\u016bt b\u0113rna izpratni par pasauli? Un k\u0101du galu gal\u0101 pasauli b\u0113rni redz \u0161odien, un k\u0101du vi\u0146i saredz sev n\u0101kotni? Pieredz\u0113m&nbsp; un&nbsp; paaudz\u0113m satiekoties, vec\u0101ki un b\u0113rni k\u013c\u016bst viens otram aculiecinieki. Vec\u0101kiem izr\u0101de ir griba un centieni iedzi\u013cin\u0101ties savu b\u0113rnu&nbsp; saj\u016bt\u0101s,&nbsp; dom\u0101s&nbsp; un&nbsp; viedok\u013cos,&nbsp; kam\u0113r&nbsp; b\u0113rniem&nbsp; t\u0101&nbsp; ir&nbsp; iesp\u0113ja pieredz\u0113t sevi vec\u0101ku izpild\u012bjum\u0101. Vi\u0146u abpus\u0113ja uztic\u0113\u0161an\u0101s un mijiedarb\u012bba papla\u0161ina telpu izr\u0101des st\u0101stam, kas satiks skat\u012bt\u0101jus, lai uz br\u012bdi dal\u012btos \u0161o piered\u017eu apmai\u0146as rezult\u0101t\u0101.<\/em><\/p>\n\n\n\n<p><strong>Idejas autore, re\u017eisore un horeogr\u0101fe: <\/strong>Krist\u012bne Br\u012bni\u0146a<br><strong>Izr\u0101des varo\u0146i &#8211; b\u0113rni: <\/strong>Marta Rieksti\u0146a, Roberts Gods, Hanna Matilde Dintere, Olivers Bilerts, M\u0101ra More&nbsp;<\/p>\n\n\n\n<p><strong>Izr\u0101des izpild\u012bt\u0101ji &#8211; vec\u0101ki: <\/strong>Ilze More, P\u0113teris Rieksti\u0146\u0161, Roberts Dinters, Liena Goda, Marta Bilerte&nbsp;<br><strong>M\u016bzikas autors: <\/strong>Rihards Efeja-L\u012bbietis,<br><strong>izpilda:<\/strong> Rihards Efeja-L\u012bbietis &amp; izr\u0101des dal\u012bbnieki<br><strong>Scenogr\u0101fija, kost\u012bmi, video un dizains<\/strong>: Ieva Kauli\u0146a&nbsp;<br><strong>Dramatur\u0123ijas konsultante: <\/strong>Rasa Bugavi\u010dute-P\u0113ce&nbsp;<br><strong>Rado\u0161\u0101 producente: <\/strong>Zane Estere Gruntmane <br><strong>Izr\u0101des producents: <\/strong>m\u0101ksliniecisk\u0101 platforma \u201cpigeon-bridge\u201d <a href=\"http:\/\/www.pigeonbridge.com\/\">www.pigeonbridge.com<\/a>; <br><strong>l\u012bdzproducents<\/strong>: \u201cCita Abra\u201d <a href=\"http:\/\/www.citaabra.lv\/\">www.citaabra.lv<\/a>&nbsp;&nbsp;<\/p>\n\n\n\n<p>Izr\u0101des tapusi ar Liep\u0101jas Kult\u016bras p\u0101rvaldes, Valsts Kult\u016brkapit\u0101la fonda (VKKF)&nbsp; un&nbsp; Kurzemes pl\u0101no\u0161anas re\u0123iona m\u0113r\u0137programmas \u201eLatvijas Valsts me\u017eu atbalst\u012bt\u0101 Kurzemes kult\u016bras programma 2021\u201d<strong> <\/strong>&nbsp;un VKKF kult\u016bras projektu finansi\u0101lo atbalstu.<\/p>\n\n\n\n<p><strong>Izr\u0101des m\u0113r\u0137auditorija ir<\/strong> \u0123imenes ar b\u0113rniem (ieteicamais vecums 7+), jaunu te\u0101tra formu cien\u012bt\u0101ji un jebkur\u0161 cits, kur\u0161 v\u0113las b\u0113rn\u012bbai v\u0113lreiz iel\u016bkoties ac\u012bs.<br><strong>Izr\u0101des ilgums<\/strong>: 60 min\u016btes<br><strong>Norises vieta: <\/strong>Liep\u0101jas pils\u0113tvide<br><strong>Norises vieta: <\/strong>skv\u0113rs Avotu iel\u0101 6. Apmekl\u0113t\u0101ji aicin\u0101ti par\u016bp\u0113ties par laikapst\u0101k\u013ciem atbilsto\u0161u ap\u0123\u0113rbu, jo<strong> izr\u0101de notiks ar\u012b viegla lietus laik\u0101.&nbsp;<\/strong><\/p>\n\n\n\n<p>Kritisku laikapst\u0101k\u013cu gad\u012bjum\u0101, izr\u0101de notiks koncertz\u0101les \u201cLielais dzintars\u201d telp\u0101s.<\/p>\n\n\n\n<p><strong>Organiz\u0113:<\/strong> Lielais dzintars sadarb\u012bb\u0101 ar \u201cpigeon-bridge\u201d un \u201cCita Abra\u201d<br><strong>Dal\u012bba:<\/strong> bez maksas<br><strong>Re\u0123istr\u0101cija, aizpildot anketu vietn\u0113: <\/strong><a href=\"https:\/\/ieej.lv\/izdzivot-bernus\"><strong>https:\/\/ieej.lv\/izdzivot-bernus<\/strong><\/a><br><strong>Pirms re\u0123istr\u0101cijas l\u016bdzam iepaz\u012bties ar aktu\u0101lajiem epidemiolo\u0123isk\u0101s dro\u0161\u012bbas nosac\u012bjumiem:<\/strong><\/p>\n\n\n\n<p>Pas\u0101kumi notiks, iev\u0113rojot pas\u0101kuma norises dien\u0101 aktu\u0101los un sp\u0113k\u0101 eso\u0161os noteikumus covid-19 izplat\u012b\u0161an\u0101s ierobe\u017eo\u0161anai.<\/p>\n\n\n\n<p>Skat\u012bt\u0101ju izvietojums pas\u0101kuma teritorij\u0101 paredz\u0113ts, iev\u0113rojot distanci starp m\u0101jsaimniec\u012bb\u0101m (ne vair\u0101k k\u0101 se\u0161i cilv\u0113ki &#8211; divi pieaugu\u0161ie un \u010detri b\u0113rni). Pieteikuma forma par visiem apmekl\u0113t\u0101jiem no vienas m\u0101jsaimniec\u012bbas j\u0101aizpilda vienam p\u0101rst\u0101vim. Piem\u0113ram, ja pas\u0101kumu apmekl\u0113t pl\u0101no mamma, t\u0113tis un divi b\u0113rni, anketa j\u0101aizpilda vienam no vec\u0101kiem, nor\u0101dot kop\u0113jo cilv\u0113ku skaitu. Ja m\u0101jsaimniec\u012bb\u0101 ir vair\u0101k nek\u0101 6 cilv\u0113ki, aicin\u0101m dal\u012bties grup\u0101s. Apmekl\u0113t\u0101jiem ar b\u0113rniem tiks ier\u0101d\u012btas \u012bpa\u0161as personaliz\u0113tas st\u0101vvietas, kur\u0101s aicin\u0101sim iev\u0113rot divu metru atstarpi starp p\u0101r\u0113jiem apmekl\u0113t\u0101jiem.<\/p>\n\n\n\n<p>Vec\u0101kus pie ieejas l\u016bgsim uzr\u0101d\u012bt covid-19 sertifik\u0101tu, kas apstiprina infekcijas p\u0101rslimo\u0161anu vai nosl\u0113gtu vakcin\u0101cijas kursu, k\u0101 ar\u012b personu apliecino\u0161u dokumentu (pasi vai ID karti).<\/p>\n\n\n\n<p>B\u0113rniem l\u012bdz 12 gadu vecumam nav nepiecie\u0161ams uzr\u0101d\u012bt covid-19 sertifik\u0101tu. B\u0113rniem no 12 gadu vecuma nepiecie\u0161ams uzr\u0101d\u012bt personu apliecino\u0161u dokumentu un sertifik\u0101tu, kas apliecina: <br>&#8211; vakcin\u0101ciju vai p\u0113d\u0113j\u0101 pusgada laik\u0101 p\u0101rslimotu covid-19;<br>&#8211; negat\u012bva covid-19 testa veik\u0161anu (negat\u012bvs rezult\u0101ts 48 stundu laik\u0101 pirms pas\u0101kuma veiktam Covid-19 testam, nosakot SARS-CoV-2 v\u012brusa RNS, vai negat\u012bvs rezult\u0101ts 6 stundu laik\u0101 pirms pas\u0101kuma veiktam SARS-CoV-2 antig\u0113na testam).<\/p>\n\n\n\n<p><strong>PAR DOKUMENT\u0100L\u0100S DEJAS METODI:<\/strong><\/p>\n\n\n\n<p>Horeogr\u0101fe Krist\u012bne Br\u012bni\u0146a \u201cDokument\u0101l\u0101s dejas metodi\u201d aizs\u0101ka jau 2015. gad\u0101, veidojot izr\u0101di \u201cNo\u0137er mani\u201d. Izr\u0101de guva pla\u0161u skat\u012bt\u0101ju un kriti\u0137u atzin\u012bbu, tika izr\u0101d\u012bta vair\u0101kos festiv\u0101los, k\u0101 ar\u012b sa\u0146\u0113ma nomin\u0101ciju balvai \u201cSp\u0113lma\u0146u nakts 2016\u201d kategorij\u0101 \u201cGada sasniegums laikmet\u012bgaj\u0101 dej\u0101\u201d. Dokument\u0101l\u0101s&nbsp; dejas&nbsp; metodes&nbsp; pamat\u0101&nbsp; ir&nbsp; ikdienas&nbsp; situ\u0101ciju&nbsp; dokument\u0101cija, kas piesardz\u012bg\u0101 un trausl\u0101 veid\u0101, ar \u0161\u0137ietami vienk\u0101r\u0161\u0101m kust\u012bb\u0101m un darb\u012bb\u0101m tiek p\u0101rnestas skatuves m\u0101kslas form\u0101. To izpild\u012bt\u0101ji var b\u016bt skatuves profesion\u0101\u013ci, k\u0101 ar\u012b cilv\u0113ki, kuru ikdiena nav saist\u012bta ar skatuves m\u0101kslu. Metodes m\u0113r\u0137is ir fiks\u0113t pa\u0161u dz\u012bvi cilv\u0113c\u012bg\u0101 un emp\u0101tisk\u0101 veid\u0101.<\/p>\n\n\n\n<p><em>Lai g\u016btu padzi\u013cin\u0101tu izpratni par dokument\u0101l\u0101s dejas izr\u0101des tap\u0161anas principiem un piedz\u012bvotu izr\u0101des tap\u0161anu caur person\u012bgo pieredzi, <\/em><strong><em>sestdien, 25. septembr\u012b plkst. 12.00 un 14.00<\/em><\/strong><em> b\u0113rniem vecum\u0101 no 6 l\u012bdz 9 gadiem kop\u0101 ar vienu pavado\u0161o personu\/vec\u0101ku b\u016bs iesp\u0113ja piedal\u012bties Krist\u012bnes Br\u012bni\u0146as vad\u012btaj\u0101 <\/em><strong><em>kust\u012bbu meistarklas\u0113 \u201eMOveMENT\u201d<\/em><\/strong><em>. Vair\u0101k inform\u0101cijas:<\/em><\/p>\n\n\n\n<p><a href=\"https:\/\/lielaisdzintars.lv\/kalendars\/lmf-movement-kustibu-klase-ar-kristini-brininu-plkst12\">https:\/\/lielaisdzintars.lv\/kalendars\/lmf-movement-kustibu-klase-ar-kristini-brininu-plkst12<\/a><\/p>\n\n\n\n<p><a href=\"https:\/\/lielaisdzintars.lv\/kalendars\/lmf-movement-kustibu-klase-ar-kristini-brininu-plkst14\">https:\/\/lielaisdzintars.lv\/kalendars\/lmf-movement-kustibu-klase-ar-kristini-brininu-plkst14<\/a><\/p>\n\n\n\n<p><\/p>\n","protected":false},"excerpt":{"rendered":"<p>26. SEPTEMBRIS | SV\u0112TDIENA | 12.00 | 15.00 LMF. KRIST\u012aNES BR\u012aNI\u0145AS DOKUMENT\u0100L\u0100S DEJAS IZR\u0100DE &#8220;IZDZ\u012aVOT B\u0112RNUS&#8221;. PIRMIZR\u0100DE \u201cIzdz\u012bvot b\u0113rnus\u201d ir dokument\u0101la dejas izr\u0101de, kur\u0101 pieci Liep\u0101j\u0101 dz\u012bvojo\u0161i vec\u0101ki ir ap\u0146\u0113mu\u0161ies uz br\u012bdi k\u013c\u016bt par saviem b\u0113rniem. Izr\u0101de ir par tuv\u012bbu un uztic\u0113\u0161anos starp vec\u0101kiem un&#8230;<\/p>\n","protected":false},"author":1,"featured_media":0,"parent":0,"menu_order":0,"comment_status":"closed","ping_status":"closed","template":"","meta":{"footnotes":""},"class_list":["post-1063","page","type-page","status-publish","hentry"],"_links":{"self":[{"href":"https:\/\/lmf.lielaisdzintars.lv\/index.php\/wp-json\/wp\/v2\/pages\/1063","targetHints":{"allow":["GET"]}}],"collection":[{"href":"https:\/\/lmf.lielaisdzintars.lv\/index.php\/wp-json\/wp\/v2\/pages"}],"about":[{"href":"https:\/\/lmf.lielaisdzintars.lv\/index.php\/wp-json\/wp\/v2\/types\/page"}],"author":[{"embeddable":true,"href":"https:\/\/lmf.lielaisdzintars.lv\/index.php\/wp-json\/wp\/v2\/users\/1"}],"replies":[{"embeddable":true,"href":"https:\/\/lmf.lielaisdzintars.lv\/index.php\/wp-json\/wp\/v2\/comments?post=1063"}],"version-history":[{"count":6,"href":"https:\/\/lmf.lielaisdzintars.lv\/index.php\/wp-json\/wp\/v2\/pages\/1063\/revisions"}],"predecessor-version":[{"id":1137,"href":"https:\/\/lmf.lielaisdzintars.lv\/index.php\/wp-json\/wp\/v2\/pages\/1063\/revisions\/1137"}],"wp:attachment":[{"href":"https:\/\/lmf.lielaisdzintars.lv\/index.php\/wp-json\/wp\/v2\/media?parent=1063"}],"curies":[{"name":"wp","href":"https:\/\/api.w.org\/{rel}","templated":true}]}}