{"id":1027,"date":"2021-07-30T14:50:34","date_gmt":"2021-07-30T14:50:34","guid":{"rendered":"https:\/\/lmf.lielaisdzintars.lv\/?page_id=1027"},"modified":"2021-08-02T08:37:29","modified_gmt":"2021-08-02T08:37:29","slug":"kino-riga-iff-nekur-ipasi","status":"publish","type":"page","link":"https:\/\/lmf.lielaisdzintars.lv\/index.php\/kino-riga-iff-nekur-ipasi\/","title":{"rendered":"KINO. RIGA IFF: \u201cNEKUR \u012aPA\u0160I\u201d"},"content":{"rendered":"\n<figure class=\"wp-block-image size-large\"><img loading=\"lazy\" decoding=\"async\" width=\"1024\" height=\"576\" src=\"https:\/\/lmf.lielaisdzintars.lv\/wp-content\/uploads\/2021\/08\/LMF21_HDTV_1920x1080pix-8-1024x576.jpg\" alt=\"\" class=\"wp-image-1089\" srcset=\"https:\/\/lmf.lielaisdzintars.lv\/wp-content\/uploads\/2021\/08\/LMF21_HDTV_1920x1080pix-8-1024x576.jpg 1024w, https:\/\/lmf.lielaisdzintars.lv\/wp-content\/uploads\/2021\/08\/LMF21_HDTV_1920x1080pix-8-300x169.jpg 300w, https:\/\/lmf.lielaisdzintars.lv\/wp-content\/uploads\/2021\/08\/LMF21_HDTV_1920x1080pix-8-768x432.jpg 768w, https:\/\/lmf.lielaisdzintars.lv\/wp-content\/uploads\/2021\/08\/LMF21_HDTV_1920x1080pix-8-1536x864.jpg 1536w, https:\/\/lmf.lielaisdzintars.lv\/wp-content\/uploads\/2021\/08\/LMF21_HDTV_1920x1080pix-8.jpg 1920w\" sizes=\"auto, (max-width: 1024px) 100vw, 1024px\" \/><\/figure>\n\n\n\n<p><strong>Liep\u0101jnieku iem\u012b\u013cotaj\u0101 Kult\u016bras nam\u0101 \u201cWiktorija\u201d sadarb\u012bb\u0101 ar daudzpus\u012bgo \u201cR\u012bgas Starptautisko kino festiv\u0101lu\u201d esam izveidoju\u0161i \u201cLiep\u0101jas M\u0101kslas foruma\u201d kino dienu! Tr\u012bs sp\u0113c\u012bgi m\u0101kslas autorkino par m\u016b\u017e\u012bbas un visp\u0101rcilv\u0113cisk\u0101m t\u0113m\u0101m, kas vientul\u012bbas un vienaldz\u012bbas laikmet\u0101 j\u016bs noteikti neatst\u0101s vienaldz\u012bgus.<br><\/strong><\/p>\n\n\n\n<p><strong><strong>KINO programma sadarb\u012bb\u0101 ar RIGA IFF:<\/strong><br><strong><a rel=\"noreferrer noopener\" href=\"https:\/\/www.bilesuparadize.lv\/lv\/event\/100570\" target=\"_blank\">25. septembris pl. 15.00 \u201cPar bezgal\u012bgo\u201d<\/a><br><a href=\"https:\/\/www.bilesuparadize.lv\/lv\/event\/100568\">25. septembris pl. 17.0<\/a><a rel=\"noreferrer noopener\" href=\"https:\/\/www.bilesuparadize.lv\/lv\/event\/100568\" target=\"_blank\">0 \u201cNekur \u012bpa\u0161i\u201d<\/a><br><a rel=\"noreferrer noopener\" href=\"https:\/\/www.bilesuparadize.lv\/lv\/event\/100569\" target=\"_blank\">25. septembris pl. 21.00 \u201cCorpus Christi\u201d<\/a><\/strong><\/strong><\/p>\n\n\n\n<p><br>Dienas otraj\u0101 seans\u0101 piedz\u012bvosim it\u0101\u013cu kinore\u017eisora Uberto Pazol\u012bni&nbsp;<em>(Uberto Pasolini)&nbsp;<\/em>2020. gad\u0101 veidoto st\u0101stu \u201cNekur \u012bpa\u0161i\u201d (\u201cNowhere Special\u201d).<br>Jauns v\u012brietis viens pats audzina \u010detrus gadus veco d\u0113lu. T\u0113vam dr\u012bz b\u016bs j\u0101\u0161\u0137iras no dz\u012bves un sava b\u0113rna, bet l\u012bdz tam j\u0101pag\u016bst puis\u0113nam mantojum\u0101 atst\u0101t tik stiprus dz\u012bves \u0137ie\u0123el\u012b\u0161us, lai tie balst\u012btu visu atliku\u0161o m\u016b\u017eu. Doma atrast puis\u0113nam jaunas m\u0101jas nav viegli \u012bstenojama. Jo tuv\u0101k \u0161\u0137ir\u0161an\u0101s br\u012bdis, jo liel\u0101kas \u0161aubas. K\u0101 \u012bsas tik\u0161an\u0101s laik\u0101 nov\u0113rt\u0113t sve\u0161iniekus? K\u0101 pasarg\u0101t m\u012b\u013coto cilv\u0113ku? B\u016bs j\u0101pie\u0146em noz\u012bm\u012bg\u0101kais l\u0113mums vi\u0146u dz\u012bv\u0113.<br>Filma par b\u0113rn\u012bbas noz\u012bmi un \u0123imenes v\u0113rt\u012bbu. Situ\u0101cijas dramatisms \u0161aj\u0101 ekr\u0101na st\u0101st\u0101 gan aiz\u017e\u0146audz elpu, tom\u0113r melodr\u0101mas skan\u0113jums un sentiment\u0101l\u0101s notis ir tik \u013coti pieklusin\u0101tas, ka skat\u012bt\u0101js non\u0101k gai\u0161uma un cer\u012bbu piln\u0101 telp\u0101, kur mazsvar\u012bgajam vairs nav nek\u0101du iesp\u0113ju aiz\u0113not patiesi svar\u012bgo.<\/p>\n\n\n\n<figure class=\"wp-block-embed is-type-rich is-provider-embed-handler wp-block-embed-embed-handler wp-embed-aspect-16-9 wp-has-aspect-ratio\"><div class=\"wp-block-embed__wrapper\">\n<iframe loading=\"lazy\" title=\"Nowhere Special - International Trailer\" width=\"1060\" height=\"596\" src=\"https:\/\/www.youtube.com\/embed\/IUCOkLeQpbY?feature=oembed\" frameborder=\"0\" allow=\"accelerometer; autoplay; clipboard-write; encrypted-media; gyroscope; picture-in-picture\" allowfullscreen><\/iframe>\n<\/div><\/figure>\n\n\n\n<p>Kuratora ce\u013cav\u0101rdi: Pazol\u012bni turpina p\u0113t\u012bt skumju smalko uzb\u016bvi un run\u0101t par m\u016b\u017e\u012bgo ikdieni\u0161\u0137aj\u0101.<strong><br>Re\u017eisors:<\/strong>&nbsp;Uberto Pazol\u012bni&nbsp;<em>(Uberto Pasolini)<\/em><br><strong><br>Bi\u013cetes:&nbsp;<\/strong>5 eiro<br><strong>Seanss ang\u013cu valod\u0101 ar titriem latvie\u0161u valod\u0101.<\/strong><br><strong>Seansa ilgums:&nbsp;<\/strong>1 stunda 36 min\u016btes<br><strong>Vecuma ierobe\u017eojums:&nbsp;<\/strong>12+<strong>Norises vieta:<\/strong>&nbsp;KN \u201cWiktorija\u201d<br><strong>Organiz\u0113:<\/strong>&nbsp;Lielais dzintars sadarb\u012bb\u0101 ar R\u012bgas Starptautisko kino festiv\u0101lu<br><strong>Atbalsta:&nbsp;<\/strong>Liep\u0101jas pa\u0161vald\u012bba<br><br><strong>INFORM\u0100CIJA APMEKL\u0112T\u0100JIEM:<\/strong> Apmekl\u0113jot pas\u0101kumu, pie ieejas l\u016bgsim uzr\u0101d\u012bt covid-19 sertifik\u0101tu, kas apstiprina personas vakcin\u0101ciju pret covid-19 vai min\u0113t\u0101s infekcijas p\u0101rslimo\u0161anu. T\u0101pat l\u016bgsim uzr\u0101d\u012bt ar\u012b personu apliecino\u0161u dokumentu un pas\u0101kuma ieejas bi\u013ceti. Pas\u0101kuma laik\u0101 sejas aizsargmaskas nav j\u0101lieto.<br><\/p>\n\n\n\n<div class=\"wp-block-buttons is-layout-flex wp-block-buttons-is-layout-flex\">\n<div class=\"wp-block-button\"><a class=\"wp-block-button__link has-background\" href=\"https:\/\/www.bilesuparadize.lv\/lv\/event\/100568\" style=\"background-color:#c56076\" target=\"_blank\" rel=\"noreferrer noopener\">PIRKT BI\u013bETI<\/a><\/div>\n<\/div>\n","protected":false},"excerpt":{"rendered":"<p>Liep\u0101jnieku iem\u012b\u013cotaj\u0101 Kult\u016bras nam\u0101 \u201cWiktorija\u201d sadarb\u012bb\u0101 ar daudzpus\u012bgo \u201cR\u012bgas Starptautisko kino festiv\u0101lu\u201d esam izveidoju\u0161i \u201cLiep\u0101jas M\u0101kslas foruma\u201d kino dienu! Tr\u012bs sp\u0113c\u012bgi m\u0101kslas autorkino par m\u016b\u017e\u012bbas un visp\u0101rcilv\u0113cisk\u0101m t\u0113m\u0101m, kas vientul\u012bbas un vienaldz\u012bbas laikmet\u0101 j\u016bs noteikti neatst\u0101s vienaldz\u012bgus. KINO programma sadarb\u012bb\u0101 ar RIGA IFF:25. septembris pl&#8230;.<\/p>\n","protected":false},"author":1,"featured_media":0,"parent":0,"menu_order":0,"comment_status":"closed","ping_status":"closed","template":"","meta":{"footnotes":""},"class_list":["post-1027","page","type-page","status-publish","hentry"],"_links":{"self":[{"href":"https:\/\/lmf.lielaisdzintars.lv\/index.php\/wp-json\/wp\/v2\/pages\/1027","targetHints":{"allow":["GET"]}}],"collection":[{"href":"https:\/\/lmf.lielaisdzintars.lv\/index.php\/wp-json\/wp\/v2\/pages"}],"about":[{"href":"https:\/\/lmf.lielaisdzintars.lv\/index.php\/wp-json\/wp\/v2\/types\/page"}],"author":[{"embeddable":true,"href":"https:\/\/lmf.lielaisdzintars.lv\/index.php\/wp-json\/wp\/v2\/users\/1"}],"replies":[{"embeddable":true,"href":"https:\/\/lmf.lielaisdzintars.lv\/index.php\/wp-json\/wp\/v2\/comments?post=1027"}],"version-history":[{"count":3,"href":"https:\/\/lmf.lielaisdzintars.lv\/index.php\/wp-json\/wp\/v2\/pages\/1027\/revisions"}],"predecessor-version":[{"id":1090,"href":"https:\/\/lmf.lielaisdzintars.lv\/index.php\/wp-json\/wp\/v2\/pages\/1027\/revisions\/1090"}],"wp:attachment":[{"href":"https:\/\/lmf.lielaisdzintars.lv\/index.php\/wp-json\/wp\/v2\/media?parent=1027"}],"curies":[{"name":"wp","href":"https:\/\/api.w.org\/{rel}","templated":true}]}}