{"id":1013,"date":"2021-07-30T14:37:37","date_gmt":"2021-07-30T14:37:37","guid":{"rendered":"https:\/\/lmf.lielaisdzintars.lv\/?page_id=1013"},"modified":"2021-09-09T13:41:23","modified_gmt":"2021-09-09T13:41:23","slug":"lmf-movement-kustibu-klase-ar-kristini-brininu","status":"publish","type":"page","link":"https:\/\/lmf.lielaisdzintars.lv\/index.php\/lmf-movement-kustibu-klase-ar-kristini-brininu\/","title":{"rendered":"LMF. &#8220;MOVEMENT&#8221;. KUST\u012aBU KLASE AR KRIST\u012aNI BR\u012aNI\u0145U"},"content":{"rendered":"\n<figure class=\"wp-block-image size-large\"><img loading=\"lazy\" decoding=\"async\" width=\"1024\" height=\"576\" src=\"https:\/\/lmf.lielaisdzintars.lv\/wp-content\/uploads\/2021\/08\/LMF21_HDTV_1920x1080pix-6-1024x576.jpg\" alt=\"\" class=\"wp-image-1084\" srcset=\"https:\/\/lmf.lielaisdzintars.lv\/wp-content\/uploads\/2021\/08\/LMF21_HDTV_1920x1080pix-6-1024x576.jpg 1024w, https:\/\/lmf.lielaisdzintars.lv\/wp-content\/uploads\/2021\/08\/LMF21_HDTV_1920x1080pix-6-300x169.jpg 300w, https:\/\/lmf.lielaisdzintars.lv\/wp-content\/uploads\/2021\/08\/LMF21_HDTV_1920x1080pix-6-768x432.jpg 768w, https:\/\/lmf.lielaisdzintars.lv\/wp-content\/uploads\/2021\/08\/LMF21_HDTV_1920x1080pix-6-1536x864.jpg 1536w, https:\/\/lmf.lielaisdzintars.lv\/wp-content\/uploads\/2021\/08\/LMF21_HDTV_1920x1080pix-6.jpg 1920w\" sizes=\"auto, (max-width: 1024px) 100vw, 1024px\" \/><\/figure>\n\n\n\n<p><strong>25. SEPTEMBRIS | SESTDIENA | 12.00 un 14.00<\/strong> <strong>LMF. &#8220;MOveMENT&#8221;. Kust\u012bbu klase ar Krist\u012bni Br\u012bni\u0146u<\/strong><\/p>\n\n\n\n<p><strong>\u201cMOveMENT\u201d\u00a0 ir horeogr\u0101fes Krist\u012bnes Br\u012bni\u0146as vad\u012bta\u00a0 kust\u012bbu\u00a0 meistarklase, kur\u0101\u00a0 b\u0113rni\u00a0 vecum\u0101\u00a0 no\u00a0 6\u00a0 l\u012bdz 9\u00a0 gadiem\u00a0 piedal\u0101s kop\u0101 ar vienu no saviem vec\u0101kiem vai citu aizbildni.\u00a0 Kust\u012bbu klases pamat\u0101\u00a0 ir\u00a0 dokument\u0101las\u00a0 dejas\u00a0 metodes\u00a0 principi,\u00a0 kurus\u00a0 nodarb\u012bbas\u00a0 dal\u012bbnieki var\u0113s iepaz\u012bt un pa\u0161i izm\u0113\u0123in\u0101t, t\u0101d\u0113j\u0101di vienlaikus izzinot, k\u0101 ir tapusi M\u0101kslas foruma dien\u0101s piedz\u012bvot\u0101 dokument\u0101l\u0101 dejas izr\u0101de \u201cIzdz\u012bvot b\u0113rnus\u201d.\u00a0<\/strong><\/p>\n\n\n\n<figure class=\"wp-block-embed is-type-video is-provider-youtube wp-block-embed-youtube wp-embed-aspect-16-9 wp-has-aspect-ratio\"><div class=\"wp-block-embed__wrapper\">\n<iframe loading=\"lazy\" title=\"Dejas izr\u0101des &quot;Izdz\u012bvot b\u0113rnus&quot; pirmizr\u0101de un kust\u012bbu klase &quot;MOveMENT&quot; Liep\u0101jas M\u0101kslas forum\u0101!\" width=\"1060\" height=\"596\" src=\"https:\/\/www.youtube.com\/embed\/Zg99IA9FmWQ?feature=oembed\" frameborder=\"0\" allow=\"accelerometer; autoplay; clipboard-write; encrypted-media; gyroscope; picture-in-picture\" allowfullscreen><\/iframe>\n<\/div><\/figure>\n\n\n\n<p>Kust\u012bbu&nbsp; klas\u0113&nbsp; k\u0101 b\u0113rni&nbsp; t\u0101 vi\u0146u vec\u0101ki apg\u016bs&nbsp; da\u017e\u0101das&nbsp; dejas&nbsp; rad\u012b\u0161anas&nbsp; sp\u0113les,&nbsp; kas&nbsp; rosin\u0101s iek\u0161\u0113j\u0101s br\u012bv\u012bbas izj\u016btu un rad\u012bs br\u012bdi ab\u0101m paaudz\u0113m satikties, lai iepaz\u012btu vienam otru caur kop\u012bgu deju.<\/p>\n\n\n\n<p>Aicin\u0101m uz klasi ierasties \u0113rtos ap\u0123\u0113rbos un v\u0113l \u0113rt\u0101kos apavos, l\u012bdzi \u0146emot dzeramo \u016bdeni.<\/p>\n\n\n\n<p><strong>Meistarklasi vada:<\/strong> Horeogr\u0101fe Krist\u012bne Br\u012bni\u0146a<\/p>\n\n\n\n<p><strong>Krist\u012bne Br\u012bni\u0146a<\/strong> ir neatkar\u012bga horeogr\u0101fe, dejot\u0101ja un izpild\u012bt\u0101ja. Vi\u0146as darbi balst\u012bti&nbsp; ikdienas dz\u012bves situ\u0101cij\u0101s, kas piesardz\u012bg\u0101 un trausl\u0101 veid\u0101, ar \u0161\u0137ietami vienk\u0101r\u0161\u0101m kust\u012bb\u0101m un darb\u012bb\u0101m tiek p\u0101rnestas m\u0101kslas form\u0101s. Izmantojot \u201cdokument\u0101l\u0101s dejas metodi\u201d, kust\u012bba k\u013c\u016bst par galveno, lai dokument\u0113tu pa\u0161u dz\u012bvi viscilv\u0113c\u012bg\u0101kaj\u0101 veid\u0101. Kop\u0161 2014. gada Krist\u012bne dz\u012bvo un str\u0101d\u0101 C\u012brav\u0101, akt\u012bvi veicinot m\u0101kslas pieejam\u012bbu Kurzemes re\u0123ion\u0101. M\u0101jas lapa:<a href=\"https:\/\/www.movementreport.lv\"> https:\/\/www.movementreport.lv<\/a><\/p>\n\n\n\n<p><strong>Norises ilgums: <\/strong>1 stunda 15 min\u016btes<br><strong>Norises vieta: <\/strong>Zvejnieku aleja 11a, skv\u0113rs pie pieminek\u013ca boj\u0101 g\u0101ju\u0161iem j\u016brniekiem un zvejniekiem. Sliktu laikapst\u0101k\u013cu gad\u012bjum\u0101 meistarklase notiks koncertz\u0101les \u201cLielais dzintars\u201d spogu\u013cz\u0101l\u0113 <em>Civita Nova<\/em> 6. st\u0101v\u0101. <br><strong>Organiz\u0113: <\/strong>Lielais dzintars sadarb\u012bb\u0101 ar \u201cpigeon-bridge\u201d un \u201cCita Abra\u201d <br><strong>Atbalsta:<\/strong> Liep\u0101jas pa\u0161vald\u012bba un Valsts Kult\u016brkapit\u0101la fonds <br><strong>Dal\u012bba: <\/strong>bez maksas<\/p>\n\n\n\n<p><strong>Re\u0123istr\u0101cija, aizpildot anketu vietn\u0113: <\/strong><a href=\"https:\/\/ieej.lv\/movement-klase\"><strong>https:\/\/ieej.lv\/movement-klase<\/strong><\/a><\/p>\n\n\n\n<p><strong>Pirms re\u0123istr\u0101cijas l\u016bdzam iepaz\u012bties ar epidemiolo\u0123isk\u0101s dro\u0161\u012bbas nosac\u012bjumiem!<\/strong><\/p>\n\n\n\n<p>Pas\u0101kumi notiks, iev\u0113rojot pas\u0101kuma norises dien\u0101 aktu\u0101los un sp\u0113k\u0101 eso\u0161os noteikumus covid-19 izplat\u012b\u0161an\u0101s ierobe\u017eo\u0161anai. Uz kust\u012bbu klasi vec\u0101ks vai aizbildnis ierodas kop\u0101 ar vienu b\u0113rnu vecum\u0101 no 6 l\u012bdz 9 gadiem, veidojot p\u0101ri. Skat\u012bt\u0101ju izvietojums pas\u0101kuma teritorij\u0101 paredz\u0113ts, iev\u0113rojot distanci starp m\u0101jsaimniec\u012bb\u0101m (viena m\u0101jsaimniec\u012bba \u2014 divi cilv\u0113ki). Pieteikuma forma par p\u0101ri j\u0101aizpilda vienam p\u0101rst\u0101vim.<\/p>\n\n\n\n<p>Vec\u0101kus pie ieejas l\u016bgsim uzr\u0101d\u012bt covid-19 sertifik\u0101tu, kas apstiprina infekcijas p\u0101rslimo\u0161anu vai nosl\u0113gtu vakcin\u0101cijas kursu, k\u0101 ar\u012b personu apliecino\u0161u dokumentu (pasi vai ID karti).<br>B\u0113rniem l\u012bdz 12 gadu vecumam, nav nepiecie\u0161ams uzr\u0101d\u012bt covid-19 sertifik\u0101tu. <br>B\u0113rniem no 12 gadu vecuma \u2014 nepiecie\u0161ams uzr\u0101d\u012bt personu apliecino\u0161u dokumentu un sertifik\u0101tu, kas apliecina:<\/p>\n\n\n\n<ul class=\"wp-block-list\"><li>vakcin\u0101ciju vai p\u0113d\u0113j\u0101 pusgada laik\u0101 p\u0101rslimotu covid-19;\u00b7&nbsp; &nbsp; <\/li><li>negat\u012bva covid-19 testa veik\u0161anu (negat\u012bvs rezult\u0101ts 48 stundu laik\u0101 pirms pas\u0101kuma veiktam Covid-19 testam, nosakot SARS-CoV-2 v\u012brusa RNS, vai negat\u012bvs rezult\u0101ts 6 stundu laik\u0101 pirms pas\u0101kuma veiktam SARS-CoV-2 antig\u0113na testam).<\/li><\/ul>\n","protected":false},"excerpt":{"rendered":"<p>25. SEPTEMBRIS | SESTDIENA | 12.00 un 14.00 LMF. &#8220;MOveMENT&#8221;. Kust\u012bbu klase ar Krist\u012bni Br\u012bni\u0146u \u201cMOveMENT\u201d\u00a0 ir horeogr\u0101fes Krist\u012bnes Br\u012bni\u0146as vad\u012bta\u00a0 kust\u012bbu\u00a0 meistarklase, kur\u0101\u00a0 b\u0113rni\u00a0 vecum\u0101\u00a0 no\u00a0 6\u00a0 l\u012bdz 9\u00a0 gadiem\u00a0 piedal\u0101s kop\u0101 ar vienu no saviem vec\u0101kiem vai citu aizbildni.\u00a0 Kust\u012bbu klases pamat\u0101\u00a0 ir\u00a0&#8230;<\/p>\n","protected":false},"author":1,"featured_media":0,"parent":0,"menu_order":0,"comment_status":"closed","ping_status":"closed","template":"","meta":{"footnotes":""},"class_list":["post-1013","page","type-page","status-publish","hentry"],"_links":{"self":[{"href":"https:\/\/lmf.lielaisdzintars.lv\/index.php\/wp-json\/wp\/v2\/pages\/1013","targetHints":{"allow":["GET"]}}],"collection":[{"href":"https:\/\/lmf.lielaisdzintars.lv\/index.php\/wp-json\/wp\/v2\/pages"}],"about":[{"href":"https:\/\/lmf.lielaisdzintars.lv\/index.php\/wp-json\/wp\/v2\/types\/page"}],"author":[{"embeddable":true,"href":"https:\/\/lmf.lielaisdzintars.lv\/index.php\/wp-json\/wp\/v2\/users\/1"}],"replies":[{"embeddable":true,"href":"https:\/\/lmf.lielaisdzintars.lv\/index.php\/wp-json\/wp\/v2\/comments?post=1013"}],"version-history":[{"count":6,"href":"https:\/\/lmf.lielaisdzintars.lv\/index.php\/wp-json\/wp\/v2\/pages\/1013\/revisions"}],"predecessor-version":[{"id":1136,"href":"https:\/\/lmf.lielaisdzintars.lv\/index.php\/wp-json\/wp\/v2\/pages\/1013\/revisions\/1136"}],"wp:attachment":[{"href":"https:\/\/lmf.lielaisdzintars.lv\/index.php\/wp-json\/wp\/v2\/media?parent=1013"}],"curies":[{"name":"wp","href":"https:\/\/api.w.org\/{rel}","templated":true}]}}